{"id":546,"date":"2026-03-02T08:35:38","date_gmt":"2026-03-02T07:35:38","guid":{"rendered":"https:\/\/actionmall.act.at\/shop\/907\/?post_type=product&#038;p=546"},"modified":"2026-03-02T08:55:38","modified_gmt":"2026-03-02T07:55:38","slug":"clothesbot","status":"publish","type":"product","link":"https:\/\/actionmall.act.at\/shop\/907\/en\/produkt\/clothesbot\/","title":{"rendered":"ClothesBot"},"content":{"rendered":"<p>Ein Bot der ihre Abreit f\u00fcr sie erledigt. Er w\u00e4scht ihre W\u00e4sche und faltet diese anschlie\u00dfend zusammen<\/p>\n<p><img loading=\"lazy\" decoding=\"async\" class=\"alignnone size-medium wp-image-551\" src=\"https:\/\/actionmall.act.at\/shop\/907\/wp-content\/uploads\/2026\/03\/Infoase-GmbH-300x168.jpg\" alt=\"\" width=\"300\" height=\"168\" srcset=\"https:\/\/actionmall.act.at\/shop\/907\/wp-content\/uploads\/2026\/03\/Infoase-GmbH-300x168.jpg 300w, https:\/\/actionmall.act.at\/shop\/907\/wp-content\/uploads\/2026\/03\/Infoase-GmbH-1024x573.jpg 1024w, https:\/\/actionmall.act.at\/shop\/907\/wp-content\/uploads\/2026\/03\/Infoase-GmbH-768x430.jpg 768w, https:\/\/actionmall.act.at\/shop\/907\/wp-content\/uploads\/2026\/03\/Infoase-GmbH-1536x860.jpg 1536w, https:\/\/actionmall.act.at\/shop\/907\/wp-content\/uploads\/2026\/03\/Infoase-GmbH-416x233.jpg 416w, https:\/\/actionmall.act.at\/shop\/907\/wp-content\/uploads\/2026\/03\/Infoase-GmbH.jpg 1600w\" sizes=\"(max-width: 300px) 100vw, 300px\" \/><\/p>\n","protected":false},"excerpt":{"rendered":"<p>Ein Bot der ihre Abreit f\u00fcr sie erledigt. Er w\u00e4scht ihre W\u00e4sche und faltet diese anschlie\u00dfend zusammen<\/p>\n","protected":false},"featured_media":0,"template":"","meta":[],"product_cat":[34],"product_tag":[],"class_list":{"0":"post-546","1":"product","2":"type-product","3":"status-publish","5":"product_cat-autos-und-fahrzeuge","7":"first","8":"instock","9":"taxable","10":"shipping-taxable","11":"purchasable","12":"product-type-simple"},"_links":{"self":[{"href":"https:\/\/actionmall.act.at\/shop\/907\/en\/wp-json\/wp\/v2\/product\/546"}],"collection":[{"href":"https:\/\/actionmall.act.at\/shop\/907\/en\/wp-json\/wp\/v2\/product"}],"about":[{"href":"https:\/\/actionmall.act.at\/shop\/907\/en\/wp-json\/wp\/v2\/types\/product"}],"wp:attachment":[{"href":"https:\/\/actionmall.act.at\/shop\/907\/en\/wp-json\/wp\/v2\/media?parent=546"}],"wp:term":[{"taxonomy":"product_cat","embeddable":true,"href":"https:\/\/actionmall.act.at\/shop\/907\/en\/wp-json\/wp\/v2\/product_cat?post=546"},{"taxonomy":"product_tag","embeddable":true,"href":"https:\/\/actionmall.act.at\/shop\/907\/en\/wp-json\/wp\/v2\/product_tag?post=546"}],"curies":[{"name":"wp","href":"https:\/\/api.w.org\/{rel}","templated":true}]}}