{"id":566,"date":"2026-03-02T10:20:17","date_gmt":"2026-03-02T09:20:17","guid":{"rendered":"https:\/\/actionmall.act.at\/shop\/907\/?post_type=product&#038;p=566"},"modified":"2026-03-16T10:43:57","modified_gmt":"2026-03-16T09:43:57","slug":"pawbot","status":"publish","type":"product","link":"https:\/\/actionmall.act.at\/shop\/907\/en\/produkt\/pawbot\/","title":{"rendered":"PawBot"},"content":{"rendered":"","protected":false},"excerpt":{"rendered":"<p>Der <strong data-start=\"96\" data-end=\"106\">Pawbot<\/strong> ist ein interaktiver Spielgef\u00e4hrte f\u00fcr Ihr Haustier. Er sorgt daf\u00fcr, dass Ihr Hund oder Ihre Katze <strong data-start=\"209\" data-end=\"240\">besch\u00e4ftigt und unterhalten<\/strong> bleibt, auch wenn Sie nicht zu Hause sind.<\/p>\n","protected":false},"featured_media":560,"template":"","meta":[],"product_cat":[43],"product_tag":[],"class_list":{"0":"post-566","1":"product","2":"type-product","3":"status-publish","4":"has-post-thumbnail","6":"product_cat-unterhaltung-freizeit-und-kultur","8":"first","9":"instock","10":"taxable","11":"shipping-taxable","12":"purchasable","13":"product-type-simple"},"_links":{"self":[{"href":"https:\/\/actionmall.act.at\/shop\/907\/en\/wp-json\/wp\/v2\/product\/566"}],"collection":[{"href":"https:\/\/actionmall.act.at\/shop\/907\/en\/wp-json\/wp\/v2\/product"}],"about":[{"href":"https:\/\/actionmall.act.at\/shop\/907\/en\/wp-json\/wp\/v2\/types\/product"}],"wp:featuredmedia":[{"embeddable":true,"href":"https:\/\/actionmall.act.at\/shop\/907\/en\/wp-json\/wp\/v2\/media\/560"}],"wp:attachment":[{"href":"https:\/\/actionmall.act.at\/shop\/907\/en\/wp-json\/wp\/v2\/media?parent=566"}],"wp:term":[{"taxonomy":"product_cat","embeddable":true,"href":"https:\/\/actionmall.act.at\/shop\/907\/en\/wp-json\/wp\/v2\/product_cat?post=566"},{"taxonomy":"product_tag","embeddable":true,"href":"https:\/\/actionmall.act.at\/shop\/907\/en\/wp-json\/wp\/v2\/product_tag?post=566"}],"curies":[{"name":"wp","href":"https:\/\/api.w.org\/{rel}","templated":true}]}}