{"id":579,"date":"2026-03-02T11:14:51","date_gmt":"2026-03-02T10:14:51","guid":{"rendered":"https:\/\/actionmall.act.at\/shop\/907\/?post_type=product&#038;p=579"},"modified":"2026-03-02T11:14:51","modified_gmt":"2026-03-02T10:14:51","slug":"cleanbot-pro","status":"publish","type":"product","link":"https:\/\/actionmall.act.at\/shop\/907\/en\/produkt\/cleanbot-pro\/","title":{"rendered":"Cleanbot Pro"},"content":{"rendered":"<p data-start=\"73\" data-end=\"340\">Erleben Sie eine neue Dimension der Bodenreinigung mit unserem modernen Cleanbot Pro. Ausgestattet mit pr\u00e4ziser Lasernavigation und intelligenter Sensortechnologie sorgt er f\u00fcr eine gr\u00fcndliche, effiziente und systematische Reinigung Ihrer Wohnr\u00e4ume \u2013 ganz automatisch.<\/p>\n<p data-start=\"342\" data-end=\"638\">Dank seines leistungsstarken Motors entfernt der Saugroboter m\u00fchelos Staub, Schmutz und Tierhaare von Hartb\u00f6den wie Parkett, Laminat oder Fliesen. Die rotierenden Seitenb\u00fcrsten erreichen selbst schwer zug\u00e4ngliche Ecken und Kanten, w\u00e4hrend das flache Design eine Reinigung unter M\u00f6beln erm\u00f6glicht.<\/p>\n<p data-start=\"640\" data-end=\"971\">Die intelligente Raumkartierung erkennt Hindernisse in Echtzeit und plant die optimale Reinigungsroute. So wird keine Stelle ausgelassen und gleichzeitig wertvolle Zeit gespart. \u00dcber eine benutzerfreundliche Steuerung (App oder manuell) k\u00f6nnen Reinigungszeiten individuell programmiert werden \u2013 f\u00fcr maximale Flexibilit\u00e4t im Alltag.<\/p>\n","protected":false},"excerpt":{"rendered":"<p>Erleben Sie eine neue Dimension der Bodenreinigung mit unserem modernen Cleanbot Pro. Ausgestattet mit pr\u00e4ziser Lasernavigation und intelligenter Sensortechnologie sorgt er f\u00fcr eine gr\u00fcndliche, effiziente und systematische Reinigung Ihrer Wohnr\u00e4ume \u2013 ganz automatisch. Dank seines leistungsstarken Motors entfernt der Saugroboter m\u00fchelos Staub, Schmutz und Tierhaare von Hartb\u00f6den wie Parkett, Laminat oder Fliesen. Die rotierenden Seitenb\u00fcrsten [&hellip;]<\/p>\n","protected":false},"featured_media":580,"template":"","meta":[],"product_cat":[42],"product_tag":[],"class_list":{"0":"post-579","1":"product","2":"type-product","3":"status-publish","4":"has-post-thumbnail","6":"product_cat-immobilien-heim-und-garten","8":"first","9":"instock","10":"taxable","11":"shipping-taxable","12":"purchasable","13":"product-type-simple"},"_links":{"self":[{"href":"https:\/\/actionmall.act.at\/shop\/907\/en\/wp-json\/wp\/v2\/product\/579"}],"collection":[{"href":"https:\/\/actionmall.act.at\/shop\/907\/en\/wp-json\/wp\/v2\/product"}],"about":[{"href":"https:\/\/actionmall.act.at\/shop\/907\/en\/wp-json\/wp\/v2\/types\/product"}],"wp:featuredmedia":[{"embeddable":true,"href":"https:\/\/actionmall.act.at\/shop\/907\/en\/wp-json\/wp\/v2\/media\/580"}],"wp:attachment":[{"href":"https:\/\/actionmall.act.at\/shop\/907\/en\/wp-json\/wp\/v2\/media?parent=579"}],"wp:term":[{"taxonomy":"product_cat","embeddable":true,"href":"https:\/\/actionmall.act.at\/shop\/907\/en\/wp-json\/wp\/v2\/product_cat?post=579"},{"taxonomy":"product_tag","embeddable":true,"href":"https:\/\/actionmall.act.at\/shop\/907\/en\/wp-json\/wp\/v2\/product_tag?post=579"}],"curies":[{"name":"wp","href":"https:\/\/api.w.org\/{rel}","templated":true}]}}