{"id":253,"date":"2024-10-14T15:00:35","date_gmt":"2024-10-14T13:00:35","guid":{"rendered":"https:\/\/actionmall.act.at\/shop\/907\/?post_type=product&#038;p=253"},"modified":"2024-10-14T15:00:35","modified_gmt":"2024-10-14T13:00:35","slug":"saugroboter-johanna","status":"publish","type":"product","link":"https:\/\/actionmall.act.at\/shop\/907\/produkt\/saugroboter-johanna\/","title":{"rendered":"Saugroboter &#8222;Johanna&#8220;"},"content":{"rendered":"<p>Haushaltsroboter mit Saug- und Wischfunktion.<\/p>\n<p>Johanna wurde entwickelt, um dir den Alltag zu erleichtern und deine B\u00f6den jederzeit sauber und gl\u00e4nzend zu halten. Mit ihrer leistungsstarken Saug- und Wischkraft, der intelligenten Navigation und den vielseitigen Funktionen passt sie sich m\u00fchelos an dein Zuhause an. Sie k\u00f6nnen \u00fcber unsere App Infoase-Robos alle Einstellungen bez\u00fcglich unserer Produkte t\u00e4tigen.<\/p>\n<p>Ladestation ist inklusiv.<\/p>\n<p>L\u00e4nge x Breite 40cm<\/p>\n<p>&nbsp;<\/p>\n<p>&nbsp;<\/p>\n","protected":false},"excerpt":{"rendered":"<p>Haushaltsroboter mit Saug- und Wischfunktion. Johanna wurde entwickelt, um dir den Alltag zu erleichtern und deine B\u00f6den jederzeit sauber und gl\u00e4nzend zu halten. Mit ihrer leistungsstarken Saug- und Wischkraft, der intelligenten Navigation und den vielseitigen Funktionen passt sie sich m\u00fchelos an dein Zuhause an. Sie k\u00f6nnen \u00fcber unsere App Infoase-Robos alle Einstellungen bez\u00fcglich unserer Produkte [&hellip;]<\/p>\n","protected":false},"featured_media":262,"template":"","meta":[],"product_cat":[],"product_tag":[],"class_list":{"0":"post-253","1":"product","2":"type-product","3":"status-publish","4":"has-post-thumbnail","7":"first","8":"instock","9":"taxable","10":"shipping-taxable","11":"purchasable","12":"product-type-simple"},"_links":{"self":[{"href":"https:\/\/actionmall.act.at\/shop\/907\/wp-json\/wp\/v2\/product\/253"}],"collection":[{"href":"https:\/\/actionmall.act.at\/shop\/907\/wp-json\/wp\/v2\/product"}],"about":[{"href":"https:\/\/actionmall.act.at\/shop\/907\/wp-json\/wp\/v2\/types\/product"}],"wp:featuredmedia":[{"embeddable":true,"href":"https:\/\/actionmall.act.at\/shop\/907\/wp-json\/wp\/v2\/media\/262"}],"wp:attachment":[{"href":"https:\/\/actionmall.act.at\/shop\/907\/wp-json\/wp\/v2\/media?parent=253"}],"wp:term":[{"taxonomy":"product_cat","embeddable":true,"href":"https:\/\/actionmall.act.at\/shop\/907\/wp-json\/wp\/v2\/product_cat?post=253"},{"taxonomy":"product_tag","embeddable":true,"href":"https:\/\/actionmall.act.at\/shop\/907\/wp-json\/wp\/v2\/product_tag?post=253"}],"curies":[{"name":"wp","href":"https:\/\/api.w.org\/{rel}","templated":true}]}}