{"id":311,"date":"2025-01-13T14:40:33","date_gmt":"2025-01-13T13:40:33","guid":{"rendered":"https:\/\/actionmall.act.at\/shop\/907\/?post_type=product&#038;p=311"},"modified":"2025-01-13T14:40:33","modified_gmt":"2025-01-13T13:40:33","slug":"lucid-echo-3-0","status":"publish","type":"product","link":"https:\/\/actionmall.act.at\/shop\/907\/produkt\/lucid-echo-3-0\/","title":{"rendered":"Lucid Echo 3.0"},"content":{"rendered":"<div class=\"flex-shrink-0 flex flex-col relative items-end\">\n<div>\n<div class=\"pt-0\">\n<div class=\"gizmo-bot-avatar flex h-8 w-8 items-center justify-center overflow-hidden rounded-full\">\n<div class=\"relative p-1 rounded-sm flex items-center justify-center bg-token-main-surface-primary text-token-text-primary h-8 w-8\"><strong>Lucid Echo 3.0 \u2013 Die Zukunft der Tr\u00e4ume<\/strong><\/div>\n<\/div>\n<\/div>\n<\/div>\n<\/div>\n<div class=\"group\/conversation-turn relative flex w-full min-w-0 flex-col agent-turn\">\n<div class=\"flex-col gap-1 md:gap-3\">\n<div class=\"flex max-w-full flex-col flex-grow\">\n<div class=\"min-h-8 text-message flex w-full flex-col items-end gap-2 whitespace-normal break-words text-start [.text-message+&#038;]:mt-5\" dir=\"auto\" data-message-author-role=\"assistant\" data-message-id=\"40de16ce-32fb-4cc2-9f7d-6b46c3852eff\" data-message-model-slug=\"gpt-4o\">\n<div class=\"flex w-full flex-col gap-1 empty:hidden first:pt-[3px]\">\n<div class=\"markdown prose w-full break-words dark:prose-invert light\">\n<p>Mit der Lucid Echo 3.0 tauchen Sie in eine Welt ein, in der Ihre Tr\u00e4ume lebendig werden. Dieses innovative Ger\u00e4t bietet modernste Technologie, um Ihre Tr\u00e4ume interaktiv zu erleben und zu gestalten. Ein einzigartiges Erlebnis, das Fantasie und Realit\u00e4t verschmelzen l\u00e4sst.<\/p>\n<p><strong>Lieferumfang:<\/strong><\/p>\n<ul>\n<li>Das Lucid Echo 3.0 Ger\u00e4t<\/li>\n<li>Benutzerfreundliche App zur individuellen Steuerung<\/li>\n<li>Hochwertige Aufbewahrungstasche<\/li>\n<li>Ladekabel und Netzadapter<\/li>\n<li>Ausf\u00fchrliche Bedienungsanleitung<\/li>\n<\/ul>\n<\/div>\n<\/div>\n<\/div>\n<\/div>\n<\/div>\n<\/div>\n","protected":false},"excerpt":{"rendered":"<p>Lucid Echo 3.0 \u2013 Die Zukunft der Tr\u00e4ume Mit der Lucid Echo 3.0 tauchen Sie in eine Welt ein, in der Ihre Tr\u00e4ume lebendig werden. Dieses innovative Ger\u00e4t bietet modernste Technologie, um Ihre Tr\u00e4ume interaktiv zu erleben und zu gestalten. Ein einzigartiges Erlebnis, das Fantasie und Realit\u00e4t verschmelzen l\u00e4sst. Lieferumfang: Das Lucid Echo 3.0 Ger\u00e4t [&hellip;]<\/p>\n","protected":false},"featured_media":312,"template":"","meta":[],"product_cat":[],"product_tag":[],"class_list":{"0":"post-311","1":"product","2":"type-product","3":"status-publish","4":"has-post-thumbnail","7":"first","8":"instock","9":"taxable","10":"shipping-taxable","11":"purchasable","12":"product-type-simple"},"_links":{"self":[{"href":"https:\/\/actionmall.act.at\/shop\/907\/wp-json\/wp\/v2\/product\/311"}],"collection":[{"href":"https:\/\/actionmall.act.at\/shop\/907\/wp-json\/wp\/v2\/product"}],"about":[{"href":"https:\/\/actionmall.act.at\/shop\/907\/wp-json\/wp\/v2\/types\/product"}],"wp:featuredmedia":[{"embeddable":true,"href":"https:\/\/actionmall.act.at\/shop\/907\/wp-json\/wp\/v2\/media\/312"}],"wp:attachment":[{"href":"https:\/\/actionmall.act.at\/shop\/907\/wp-json\/wp\/v2\/media?parent=311"}],"wp:term":[{"taxonomy":"product_cat","embeddable":true,"href":"https:\/\/actionmall.act.at\/shop\/907\/wp-json\/wp\/v2\/product_cat?post=311"},{"taxonomy":"product_tag","embeddable":true,"href":"https:\/\/actionmall.act.at\/shop\/907\/wp-json\/wp\/v2\/product_tag?post=311"}],"curies":[{"name":"wp","href":"https:\/\/api.w.org\/{rel}","templated":true}]}}