{"id":321,"date":"2025-02-03T11:46:38","date_gmt":"2025-02-03T10:46:38","guid":{"rendered":"https:\/\/actionmall.act.at\/shop\/907\/?post_type=product&#038;p=321"},"modified":"2025-04-10T08:22:12","modified_gmt":"2025-04-10T06:22:12","slug":"lovevolution","status":"publish","type":"product","link":"https:\/\/actionmall.act.at\/shop\/907\/produkt\/lovevolution\/","title":{"rendered":"LoveVolution"},"content":{"rendered":"<p>Der <strong>LoveVolution 2025<\/strong>\u00a0ist der perfekte Roboter f\u00fcr den Valentinstag und dar\u00fcber hinaus! Dieser smarte, emotionale Begleiter verbindet Technologie mit Romantik, indem er personalisierte Liebesbotschaften, Gedichte und Geschenke \u00fcberbringt.<\/p>\n<p>CupidBot kann mit seiner integrierten KI Gespr\u00e4che \u00fcber Liebe und Beziehungen f\u00fchren und hilft bei romantischen Planungen \u2013 ob es um das perfekte Date, Geschenkideen oder das richtige Ambiente geht. Er ist der perfekte Helfer f\u00fcr alle, die ihren Liebsten eine Freude machen m\u00f6chten.<\/p>\n","protected":false},"excerpt":{"rendered":"<p>Der LoveVolution 2025\u00a0ist der perfekte Roboter f\u00fcr den Valentinstag und dar\u00fcber hinaus! Dieser smarte, emotionale Begleiter verbindet Technologie mit Romantik, indem er personalisierte Liebesbotschaften, Gedichte und Geschenke \u00fcberbringt. CupidBot kann mit seiner integrierten KI Gespr\u00e4che \u00fcber Liebe und Beziehungen f\u00fchren und hilft bei romantischen Planungen \u2013 ob es um das perfekte Date, Geschenkideen oder das [&hellip;]<\/p>\n","protected":false},"featured_media":322,"template":"","meta":[],"product_cat":[],"product_tag":[],"class_list":{"0":"post-321","1":"product","2":"type-product","3":"status-publish","4":"has-post-thumbnail","7":"first","8":"instock","9":"taxable","10":"shipping-taxable","11":"purchasable","12":"product-type-simple"},"_links":{"self":[{"href":"https:\/\/actionmall.act.at\/shop\/907\/wp-json\/wp\/v2\/product\/321"}],"collection":[{"href":"https:\/\/actionmall.act.at\/shop\/907\/wp-json\/wp\/v2\/product"}],"about":[{"href":"https:\/\/actionmall.act.at\/shop\/907\/wp-json\/wp\/v2\/types\/product"}],"wp:featuredmedia":[{"embeddable":true,"href":"https:\/\/actionmall.act.at\/shop\/907\/wp-json\/wp\/v2\/media\/322"}],"wp:attachment":[{"href":"https:\/\/actionmall.act.at\/shop\/907\/wp-json\/wp\/v2\/media?parent=321"}],"wp:term":[{"taxonomy":"product_cat","embeddable":true,"href":"https:\/\/actionmall.act.at\/shop\/907\/wp-json\/wp\/v2\/product_cat?post=321"},{"taxonomy":"product_tag","embeddable":true,"href":"https:\/\/actionmall.act.at\/shop\/907\/wp-json\/wp\/v2\/product_tag?post=321"}],"curies":[{"name":"wp","href":"https:\/\/api.w.org\/{rel}","templated":true}]}}