{"id":367,"date":"2025-05-15T10:55:31","date_gmt":"2025-05-15T08:55:31","guid":{"rendered":"https:\/\/actionmall.act.at\/shop\/907\/?post_type=product&#038;p=367"},"modified":"2025-05-15T10:55:31","modified_gmt":"2025-05-15T08:55:31","slug":"drinkbot","status":"publish","type":"product","link":"https:\/\/actionmall.act.at\/shop\/907\/produkt\/drinkbot\/","title":{"rendered":"DrinkBot"},"content":{"rendered":"<p><span data-teams=\"true\">Ein kleiner, mobiler Roboter, der Getr\u00e4nke k\u00fchl h\u00e4lt und auf Wunsch an den Nutzer liefert \u2013 ideal f\u00fcr Sommer, Garten, Balkon oder kleine Events.\u00a0<\/span><\/p>\n","protected":false},"excerpt":{"rendered":"<p>Ein kleiner, mobiler Roboter, der Getr\u00e4nke k\u00fchl h\u00e4lt und auf Wunsch an den Nutzer liefert \u2013 ideal f\u00fcr Sommer, Garten, Balkon oder kleine Events.\u00a0<\/p>\n","protected":false},"featured_media":368,"template":"","meta":[],"product_cat":[],"product_tag":[],"class_list":{"0":"post-367","1":"product","2":"type-product","3":"status-publish","4":"has-post-thumbnail","7":"first","8":"instock","9":"taxable","10":"shipping-taxable","11":"purchasable","12":"product-type-simple"},"_links":{"self":[{"href":"https:\/\/actionmall.act.at\/shop\/907\/wp-json\/wp\/v2\/product\/367"}],"collection":[{"href":"https:\/\/actionmall.act.at\/shop\/907\/wp-json\/wp\/v2\/product"}],"about":[{"href":"https:\/\/actionmall.act.at\/shop\/907\/wp-json\/wp\/v2\/types\/product"}],"wp:featuredmedia":[{"embeddable":true,"href":"https:\/\/actionmall.act.at\/shop\/907\/wp-json\/wp\/v2\/media\/368"}],"wp:attachment":[{"href":"https:\/\/actionmall.act.at\/shop\/907\/wp-json\/wp\/v2\/media?parent=367"}],"wp:term":[{"taxonomy":"product_cat","embeddable":true,"href":"https:\/\/actionmall.act.at\/shop\/907\/wp-json\/wp\/v2\/product_cat?post=367"},{"taxonomy":"product_tag","embeddable":true,"href":"https:\/\/actionmall.act.at\/shop\/907\/wp-json\/wp\/v2\/product_tag?post=367"}],"curies":[{"name":"wp","href":"https:\/\/api.w.org\/{rel}","templated":true}]}}