{"id":374,"date":"2025-06-05T08:21:03","date_gmt":"2025-06-05T06:21:03","guid":{"rendered":"https:\/\/actionmall.act.at\/shop\/907\/?post_type=product&#038;p=374"},"modified":"2025-06-05T08:27:42","modified_gmt":"2025-06-05T06:27:42","slug":"coolbot","status":"publish","type":"product","link":"https:\/\/actionmall.act.at\/shop\/907\/produkt\/coolbot\/","title":{"rendered":"CoolBot"},"content":{"rendered":"<p><span data-teams=\"true\">Der <strong>CoolBot<\/strong> ist der ideale Begleiter f\u00fcr hei\u00dfe Tage \u2013 ob im Park, am Badesee, beim Festival oder einfach auf dem Balkon! Mit seinem modernen, tragbaren Design kombiniert er n\u00fctzliche Sommerfunktionen mit smarter Technik. Er sorgt zuverl\u00e4ssig f\u00fcr Erfrischung und Komfort unterwegs oder zu Hause.<\/span><\/p>\n","protected":false},"excerpt":{"rendered":"<p>Der CoolBot ist der ideale Begleiter f\u00fcr hei\u00dfe Tage \u2013 ob im Park, am Badesee, beim Festival oder einfach auf dem Balkon! Mit seinem modernen, tragbaren Design kombiniert er n\u00fctzliche Sommerfunktionen mit smarter Technik. Er sorgt zuverl\u00e4ssig f\u00fcr Erfrischung und Komfort unterwegs oder zu Hause.<\/p>\n","protected":false},"featured_media":375,"template":"","meta":[],"product_cat":[],"product_tag":[],"class_list":{"0":"post-374","1":"product","2":"type-product","3":"status-publish","4":"has-post-thumbnail","7":"first","8":"instock","9":"taxable","10":"shipping-taxable","11":"purchasable","12":"product-type-simple"},"_links":{"self":[{"href":"https:\/\/actionmall.act.at\/shop\/907\/wp-json\/wp\/v2\/product\/374"}],"collection":[{"href":"https:\/\/actionmall.act.at\/shop\/907\/wp-json\/wp\/v2\/product"}],"about":[{"href":"https:\/\/actionmall.act.at\/shop\/907\/wp-json\/wp\/v2\/types\/product"}],"wp:featuredmedia":[{"embeddable":true,"href":"https:\/\/actionmall.act.at\/shop\/907\/wp-json\/wp\/v2\/media\/375"}],"wp:attachment":[{"href":"https:\/\/actionmall.act.at\/shop\/907\/wp-json\/wp\/v2\/media?parent=374"}],"wp:term":[{"taxonomy":"product_cat","embeddable":true,"href":"https:\/\/actionmall.act.at\/shop\/907\/wp-json\/wp\/v2\/product_cat?post=374"},{"taxonomy":"product_tag","embeddable":true,"href":"https:\/\/actionmall.act.at\/shop\/907\/wp-json\/wp\/v2\/product_tag?post=374"}],"curies":[{"name":"wp","href":"https:\/\/api.w.org\/{rel}","templated":true}]}}