{"id":402,"date":"2025-10-20T11:15:37","date_gmt":"2025-10-20T09:15:37","guid":{"rendered":"https:\/\/actionmall.act.at\/shop\/907\/?post_type=product&#038;p=402"},"modified":"2025-10-20T11:15:59","modified_gmt":"2025-10-20T09:15:59","slug":"wipe-cube","status":"publish","type":"product","link":"https:\/\/actionmall.act.at\/shop\/907\/produkt\/wipe-cube\/","title":{"rendered":"Wipe Cube"},"content":{"rendered":"<p>Der WipeCube ist ein kompakter, w\u00fcrfelf\u00f6rmiger Reinigungsroboter, der speziell entwickelt wurde, um Whiteboards und Tafeln am Ende des Arbeitstages automatisch zu s\u00e4ubern. Dank seiner magnetischen Haftung bewegt er sich sicher und selbstst\u00e4ndig \u00fcber die Oberfl\u00e4che, entfernt mit seinen zwei kleinen Reinigungsarmen (Wischer &#038; Mikrofaserpad) zuverl\u00e4ssig Markerreste und sorgt f\u00fcr eine streifenfreie Fl\u00e4che. Der integrierte Akku, intelligente Fahrsteuerung und die automatische Startzeit machen ihn zum praktischen Helfer in B\u00fcros, Schulen und Besprechungsr\u00e4umen.<\/p>\n","protected":false},"excerpt":{"rendered":"<p>Der WipeCube ist ein kompakter, w\u00fcrfelf\u00f6rmiger Reinigungsroboter, der speziell entwickelt wurde, um Whiteboards und Tafeln am Ende des Arbeitstages automatisch zu s\u00e4ubern. Dank seiner magnetischen Haftung bewegt er sich sicher und selbstst\u00e4ndig \u00fcber die Oberfl\u00e4che, entfernt mit seinen zwei kleinen Reinigungsarmen (Wischer &#038; Mikrofaserpad) zuverl\u00e4ssig Markerreste und sorgt f\u00fcr eine streifenfreie Fl\u00e4che. Der integrierte Akku, [&hellip;]<\/p>\n","protected":false},"featured_media":404,"template":"","meta":[],"product_cat":[],"product_tag":[],"class_list":{"0":"post-402","1":"product","2":"type-product","3":"status-publish","4":"has-post-thumbnail","7":"first","8":"instock","9":"taxable","10":"shipping-taxable","11":"purchasable","12":"product-type-simple"},"_links":{"self":[{"href":"https:\/\/actionmall.act.at\/shop\/907\/wp-json\/wp\/v2\/product\/402"}],"collection":[{"href":"https:\/\/actionmall.act.at\/shop\/907\/wp-json\/wp\/v2\/product"}],"about":[{"href":"https:\/\/actionmall.act.at\/shop\/907\/wp-json\/wp\/v2\/types\/product"}],"wp:featuredmedia":[{"embeddable":true,"href":"https:\/\/actionmall.act.at\/shop\/907\/wp-json\/wp\/v2\/media\/404"}],"wp:attachment":[{"href":"https:\/\/actionmall.act.at\/shop\/907\/wp-json\/wp\/v2\/media?parent=402"}],"wp:term":[{"taxonomy":"product_cat","embeddable":true,"href":"https:\/\/actionmall.act.at\/shop\/907\/wp-json\/wp\/v2\/product_cat?post=402"},{"taxonomy":"product_tag","embeddable":true,"href":"https:\/\/actionmall.act.at\/shop\/907\/wp-json\/wp\/v2\/product_tag?post=402"}],"curies":[{"name":"wp","href":"https:\/\/api.w.org\/{rel}","templated":true}]}}