{"id":512,"date":"2026-02-23T10:34:08","date_gmt":"2026-02-23T09:34:08","guid":{"rendered":"https:\/\/actionmall.act.at\/shop\/907\/?post_type=product&#038;p=512"},"modified":"2026-02-23T10:34:08","modified_gmt":"2026-02-23T09:34:08","slug":"window-cleaner","status":"publish","type":"product","link":"https:\/\/actionmall.act.at\/shop\/907\/produkt\/window-cleaner\/","title":{"rendered":"Window Cleaner"},"content":{"rendered":"<p>Starke Saugkraft<\/p>\n<p>Spr\u00fchd\u00fcse + Mikrofaser-T\u00fccher<\/p>\n<p>Sensoren &#038; KI-Navigation<\/p>\n<p>Sicherheitsseil + Not-Akku<\/p>\n<p>&nbsp;<\/p>\n<p>App-Steuerung<\/p>\n<p>Reinigungs-Modi:<\/p>\n<ul>\n<li>Z-Form<\/li>\n<li>N-Form<\/li>\n<li>Randmodus<\/li>\n<\/ul>\n","protected":false},"excerpt":{"rendered":"<p>Starke Saugkraft Spr\u00fchd\u00fcse + Mikrofaser-T\u00fccher Sensoren &#038; KI-Navigation Sicherheitsseil + Not-Akku &nbsp; App-Steuerung Reinigungs-Modi: Z-Form N-Form Randmodus<\/p>\n","protected":false},"featured_media":514,"template":"","meta":[],"product_cat":[],"product_tag":[],"class_list":{"0":"post-512","1":"product","2":"type-product","3":"status-publish","4":"has-post-thumbnail","7":"first","8":"instock","9":"taxable","10":"shipping-taxable","11":"purchasable","12":"product-type-simple"},"_links":{"self":[{"href":"https:\/\/actionmall.act.at\/shop\/907\/wp-json\/wp\/v2\/product\/512"}],"collection":[{"href":"https:\/\/actionmall.act.at\/shop\/907\/wp-json\/wp\/v2\/product"}],"about":[{"href":"https:\/\/actionmall.act.at\/shop\/907\/wp-json\/wp\/v2\/types\/product"}],"wp:featuredmedia":[{"embeddable":true,"href":"https:\/\/actionmall.act.at\/shop\/907\/wp-json\/wp\/v2\/media\/514"}],"wp:attachment":[{"href":"https:\/\/actionmall.act.at\/shop\/907\/wp-json\/wp\/v2\/media?parent=512"}],"wp:term":[{"taxonomy":"product_cat","embeddable":true,"href":"https:\/\/actionmall.act.at\/shop\/907\/wp-json\/wp\/v2\/product_cat?post=512"},{"taxonomy":"product_tag","embeddable":true,"href":"https:\/\/actionmall.act.at\/shop\/907\/wp-json\/wp\/v2\/product_tag?post=512"}],"curies":[{"name":"wp","href":"https:\/\/api.w.org\/{rel}","templated":true}]}}