{"id":529,"date":"2026-02-23T10:22:53","date_gmt":"2026-02-23T09:22:53","guid":{"rendered":"https:\/\/actionmall.act.at\/shop\/907\/?post_type=product&#038;p=529"},"modified":"2026-02-23T10:22:53","modified_gmt":"2026-02-23T09:22:53","slug":"petbot","status":"publish","type":"product","link":"https:\/\/actionmall.act.at\/shop\/907\/produkt\/petbot\/","title":{"rendered":"PetBot"},"content":{"rendered":"<p><span data-olk-copy-source=\"MessageBody\">Der PetBot ist der intelligente Begleiter f\u00fcr Ihr Haustier \u2013 ideal f\u00fcr Tierhalter, die ihren Vierbeiner auch bei Abwesenheit besch\u00e4ftigen m\u00f6chten. Dieser smarte Roboter kombiniert Spiel, Bewegung und Interaktion in einem einzigen Ger\u00e4t.<\/span><\/p>\n<p>Funktionen:<\/p>\n<ul>\n<li>Spielzeug mit KI: Animiert Hund oder Katze zu Spielen, Jagen und Entdecken<\/li>\n<li>Futterausgabe: Praktische Futter- oder Leckerlibereitstellung per App steuerbar<\/li>\n<li>Kamera &#038; App: Behalten Sie Ihr Haustier jederzeit im Blick, auch von unterwegs<\/li>\n<li>Bewegungssensor: Reagiert automatisch auf Aktivit\u00e4t und sorgt f\u00fcr abwechslungsreiches Spiel<\/li>\n<\/ul>\n","protected":false},"excerpt":{"rendered":"<p>Der PetBot ist der intelligente Begleiter f\u00fcr Ihr Haustier \u2013 ideal f\u00fcr Tierhalter, die ihren Vierbeiner auch bei Abwesenheit besch\u00e4ftigen m\u00f6chten. Dieser smarte Roboter kombiniert Spiel, Bewegung und Interaktion in einem einzigen Ger\u00e4t. Funktionen: Spielzeug mit KI: Animiert Hund oder Katze zu Spielen, Jagen und Entdecken Futterausgabe: Praktische Futter- oder Leckerlibereitstellung per App steuerbar Kamera [&hellip;]<\/p>\n","protected":false},"featured_media":535,"template":"","meta":[],"product_cat":[],"product_tag":[],"class_list":{"0":"post-529","1":"product","2":"type-product","3":"status-publish","4":"has-post-thumbnail","7":"first","8":"instock","9":"taxable","10":"shipping-taxable","11":"purchasable","12":"product-type-simple"},"_links":{"self":[{"href":"https:\/\/actionmall.act.at\/shop\/907\/wp-json\/wp\/v2\/product\/529"}],"collection":[{"href":"https:\/\/actionmall.act.at\/shop\/907\/wp-json\/wp\/v2\/product"}],"about":[{"href":"https:\/\/actionmall.act.at\/shop\/907\/wp-json\/wp\/v2\/types\/product"}],"wp:featuredmedia":[{"embeddable":true,"href":"https:\/\/actionmall.act.at\/shop\/907\/wp-json\/wp\/v2\/media\/535"}],"wp:attachment":[{"href":"https:\/\/actionmall.act.at\/shop\/907\/wp-json\/wp\/v2\/media?parent=529"}],"wp:term":[{"taxonomy":"product_cat","embeddable":true,"href":"https:\/\/actionmall.act.at\/shop\/907\/wp-json\/wp\/v2\/product_cat?post=529"},{"taxonomy":"product_tag","embeddable":true,"href":"https:\/\/actionmall.act.at\/shop\/907\/wp-json\/wp\/v2\/product_tag?post=529"}],"curies":[{"name":"wp","href":"https:\/\/api.w.org\/{rel}","templated":true}]}}