{"id":554,"date":"2026-03-02T10:14:38","date_gmt":"2026-03-02T09:14:38","guid":{"rendered":"https:\/\/actionmall.act.at\/shop\/907\/?post_type=product&#038;p=554"},"modified":"2026-03-02T10:16:26","modified_gmt":"2026-03-02T09:16:26","slug":"hydronbot","status":"publish","type":"product","link":"https:\/\/actionmall.act.at\/shop\/907\/produkt\/hydronbot\/","title":{"rendered":"HydronBot"},"content":{"rendered":"<p>&nbsp;<\/p>\n<p>&nbsp;<\/p>\n","protected":false},"excerpt":{"rendered":"<p>Der <strong data-start=\"105\" data-end=\"118\">Hydronbot<\/strong> ist ein automatisches Bew\u00e4sserungssystem f\u00fcr Zimmerpflanzen. Er sorgt selbstst\u00e4ndig daf\u00fcr, dass Pflanzen regelm\u00e4\u00dfig Wasser bekommen \u2013 ohne dass Sie st\u00e4ndig daran denken m\u00fcssen.<\/p>\n","protected":false},"featured_media":561,"template":"","meta":[],"product_cat":[42],"product_tag":[],"class_list":{"0":"post-554","1":"product","2":"type-product","3":"status-publish","4":"has-post-thumbnail","6":"product_cat-immobilien-heim-und-garten","8":"first","9":"instock","10":"taxable","11":"shipping-taxable","12":"purchasable","13":"product-type-simple"},"_links":{"self":[{"href":"https:\/\/actionmall.act.at\/shop\/907\/wp-json\/wp\/v2\/product\/554"}],"collection":[{"href":"https:\/\/actionmall.act.at\/shop\/907\/wp-json\/wp\/v2\/product"}],"about":[{"href":"https:\/\/actionmall.act.at\/shop\/907\/wp-json\/wp\/v2\/types\/product"}],"wp:featuredmedia":[{"embeddable":true,"href":"https:\/\/actionmall.act.at\/shop\/907\/wp-json\/wp\/v2\/media\/561"}],"wp:attachment":[{"href":"https:\/\/actionmall.act.at\/shop\/907\/wp-json\/wp\/v2\/media?parent=554"}],"wp:term":[{"taxonomy":"product_cat","embeddable":true,"href":"https:\/\/actionmall.act.at\/shop\/907\/wp-json\/wp\/v2\/product_cat?post=554"},{"taxonomy":"product_tag","embeddable":true,"href":"https:\/\/actionmall.act.at\/shop\/907\/wp-json\/wp\/v2\/product_tag?post=554"}],"curies":[{"name":"wp","href":"https:\/\/api.w.org\/{rel}","templated":true}]}}