{"id":375,"date":"2025-04-07T12:42:23","date_gmt":"2025-04-07T10:42:23","guid":{"rendered":"https:\/\/actionmall.act.at\/shop\/984\/?post_type=product&#038;p=375"},"modified":"2025-04-07T12:42:23","modified_gmt":"2025-04-07T10:42:23","slug":"the-heat-company-%c2%b7-3er-pack-handwaermer","status":"publish","type":"product","link":"https:\/\/actionmall.act.at\/shop\/984\/en\/produkt\/the-heat-company-%c2%b7-3er-pack-handwaermer\/","title":{"rendered":"The Heat Company \u00b7 3er-Pack Handw\u00e4rmer"},"content":{"rendered":"<p>Unsere W\u00e4rmepads ben\u00f6tigen Sauerstoff um sich zu erw\u00e4rmen. Nach \u00d6ffnen der Verpackung aktivieren sie sich innerhalb weniger Minuten von selbst und sind bereit f\u00fcr die Anwendung.<\/p>\n","protected":false},"excerpt":{"rendered":"<p>Unsere W\u00e4rmepads ben\u00f6tigen Sauerstoff um sich zu erw\u00e4rmen. Nach \u00d6ffnen der Verpackung aktivieren sie sich innerhalb weniger Minuten von selbst und sind bereit f\u00fcr die Anwendung.<\/p>\n","protected":false},"featured_media":377,"template":"","meta":[],"product_cat":[],"product_tag":[],"class_list":{"0":"post-375","1":"product","2":"type-product","3":"status-publish","4":"has-post-thumbnail","7":"first","8":"instock","9":"taxable","10":"shipping-taxable","11":"purchasable","12":"product-type-simple"},"_links":{"self":[{"href":"https:\/\/actionmall.act.at\/shop\/984\/en\/wp-json\/wp\/v2\/product\/375"}],"collection":[{"href":"https:\/\/actionmall.act.at\/shop\/984\/en\/wp-json\/wp\/v2\/product"}],"about":[{"href":"https:\/\/actionmall.act.at\/shop\/984\/en\/wp-json\/wp\/v2\/types\/product"}],"wp:featuredmedia":[{"embeddable":true,"href":"https:\/\/actionmall.act.at\/shop\/984\/en\/wp-json\/wp\/v2\/media\/377"}],"wp:attachment":[{"href":"https:\/\/actionmall.act.at\/shop\/984\/en\/wp-json\/wp\/v2\/media?parent=375"}],"wp:term":[{"taxonomy":"product_cat","embeddable":true,"href":"https:\/\/actionmall.act.at\/shop\/984\/en\/wp-json\/wp\/v2\/product_cat?post=375"},{"taxonomy":"product_tag","embeddable":true,"href":"https:\/\/actionmall.act.at\/shop\/984\/en\/wp-json\/wp\/v2\/product_tag?post=375"}],"curies":[{"name":"wp","href":"https:\/\/api.w.org\/{rel}","templated":true}]}}