{"id":378,"date":"2025-04-07T12:46:39","date_gmt":"2025-04-07T10:46:39","guid":{"rendered":"https:\/\/actionmall.act.at\/shop\/984\/?post_type=product&#038;p=378"},"modified":"2025-04-07T12:50:45","modified_gmt":"2025-04-07T10:50:45","slug":"blackroll-%c2%b7-fascia-gun-massagepistole","status":"publish","type":"product","link":"https:\/\/actionmall.act.at\/shop\/984\/en\/produkt\/blackroll-%c2%b7-fascia-gun-massagepistole\/","title":{"rendered":"Blackroll \u00b7 Fascia Gun Massagepistole"},"content":{"rendered":"<p>Willst du dir und deinen Muskeln zwischendurch eine wohltuende Massage g\u00f6nnen? Einem Muskelkater nach einer Trainingseinheit vorbeugen? Oder dich optimal auf dein Workout vorbereiten? Mit ihren 4 Massagestufen liefert dir die FASCIA GUN eine effektive Vibrationsmassage nach deinen Bed\u00fcrfnissen: Muskelverh\u00e4rtungen l\u00f6sen, Durchblutung f\u00f6rdern, Regeneration verbessern oder dein Warm-Up intensivieren. Mit vier austauschbaren Aufs\u00e4tzen kannst du die Anwendung individuell und abwechslungsreich gestalten. Zuhause, im Fitnessstudio oder auf Reisen \u2013 das handliche und leichte Design erm\u00f6glicht dir einen flexiblen Einsatz. Die FASCIA GUN eignet sich dank der zwei Frequenzstufen unter 30 Hz perfekt, um f\u00fcr Entspannung und Regeneration deiner Muskeln zu sorgen. Die wenigen Schwingungen pro Minute empfindet dein K\u00f6rper als entspannend, da die Muskulatur bei h\u00f6heren Frequenzen mit einer Schutzspannung reagiert. Wenn du also tiefer ins Gewebe arbeiten m\u00f6chtest, macht eine niedrigere Frequenz Sinn. Die h\u00f6heren Frequenzen wirken eher zur Kr\u00e4ftigung und Aktivierung deiner Muskeln.<\/p>\n","protected":false},"excerpt":{"rendered":"<p>Willst du dir und deinen Muskeln zwischendurch eine wohltuende Massage g\u00f6nnen? Einem Muskelkater nach einer Trainingseinheit vorbeugen? Oder dich optimal auf dein Workout vorbereiten? Mit ihren 4 Massagestufen liefert dir die FASCIA GUN eine effektive Vibrationsmassage nach deinen Bed\u00fcrfnissen: Muskelverh\u00e4rtungen l\u00f6sen, Durchblutung f\u00f6rdern, Regeneration verbessern oder dein Warm-Up intensivieren. Mit vier austauschbaren Aufs\u00e4tzen kannst du [&hellip;]<\/p>\n","protected":false},"featured_media":379,"template":"","meta":[],"product_cat":[],"product_tag":[],"class_list":{"0":"post-378","1":"product","2":"type-product","3":"status-publish","4":"has-post-thumbnail","7":"first","8":"instock","9":"taxable","10":"shipping-taxable","11":"purchasable","12":"product-type-simple"},"_links":{"self":[{"href":"https:\/\/actionmall.act.at\/shop\/984\/en\/wp-json\/wp\/v2\/product\/378"}],"collection":[{"href":"https:\/\/actionmall.act.at\/shop\/984\/en\/wp-json\/wp\/v2\/product"}],"about":[{"href":"https:\/\/actionmall.act.at\/shop\/984\/en\/wp-json\/wp\/v2\/types\/product"}],"wp:featuredmedia":[{"embeddable":true,"href":"https:\/\/actionmall.act.at\/shop\/984\/en\/wp-json\/wp\/v2\/media\/379"}],"wp:attachment":[{"href":"https:\/\/actionmall.act.at\/shop\/984\/en\/wp-json\/wp\/v2\/media?parent=378"}],"wp:term":[{"taxonomy":"product_cat","embeddable":true,"href":"https:\/\/actionmall.act.at\/shop\/984\/en\/wp-json\/wp\/v2\/product_cat?post=378"},{"taxonomy":"product_tag","embeddable":true,"href":"https:\/\/actionmall.act.at\/shop\/984\/en\/wp-json\/wp\/v2\/product_tag?post=378"}],"curies":[{"name":"wp","href":"https:\/\/api.w.org\/{rel}","templated":true}]}}