{"id":384,"date":"2025-04-07T12:58:55","date_gmt":"2025-04-07T10:58:55","guid":{"rendered":"https:\/\/actionmall.act.at\/shop\/984\/?post_type=product&#038;p=384"},"modified":"2025-04-07T12:58:55","modified_gmt":"2025-04-07T10:58:55","slug":"jako-halswaermer","status":"publish","type":"product","link":"https:\/\/actionmall.act.at\/shop\/984\/en\/produkt\/jako-halswaermer\/","title":{"rendered":"Jako &#8211; Halsw\u00e4rmer"},"content":{"rendered":"<p>Gerade der Hals- und der Nackenbereich sind bei k\u00fchlen Temperaturen anf\u00e4llig f\u00fcr Verspannungen. Mit dem JAKO Neckwarmer kannst Du diese K\u00f6rperpartien unterhalb des Kopfes sch\u00fctzen und ein angenehmes K\u00f6rpergef\u00fchl bewahren. Das Modell ist mit einem praktischen Gummizug versehen, der perfekte Fixierung erm\u00f6glicht. Darunter ist das JAKO Logo gut sichtbar auf dem Fertigungsmaterial aus 100 % Polyester angebracht. Der Neckwarmer liegt angenehm auf der Haut und ist schnelltrocknend.<\/p>\n","protected":false},"excerpt":{"rendered":"<p>Gerade der Hals- und der Nackenbereich sind bei k\u00fchlen Temperaturen anf\u00e4llig f\u00fcr Verspannungen. Mit dem JAKO Neckwarmer kannst Du diese K\u00f6rperpartien unterhalb des Kopfes sch\u00fctzen und ein angenehmes K\u00f6rpergef\u00fchl bewahren. Das Modell ist mit einem praktischen Gummizug versehen, der perfekte Fixierung erm\u00f6glicht. Darunter ist das JAKO Logo gut sichtbar auf dem Fertigungsmaterial aus 100 % [&hellip;]<\/p>\n","protected":false},"featured_media":385,"template":"","meta":[],"product_cat":[],"product_tag":[],"class_list":{"0":"post-384","1":"product","2":"type-product","3":"status-publish","4":"has-post-thumbnail","7":"first","8":"instock","9":"taxable","10":"shipping-taxable","11":"purchasable","12":"product-type-simple"},"_links":{"self":[{"href":"https:\/\/actionmall.act.at\/shop\/984\/en\/wp-json\/wp\/v2\/product\/384"}],"collection":[{"href":"https:\/\/actionmall.act.at\/shop\/984\/en\/wp-json\/wp\/v2\/product"}],"about":[{"href":"https:\/\/actionmall.act.at\/shop\/984\/en\/wp-json\/wp\/v2\/types\/product"}],"wp:featuredmedia":[{"embeddable":true,"href":"https:\/\/actionmall.act.at\/shop\/984\/en\/wp-json\/wp\/v2\/media\/385"}],"wp:attachment":[{"href":"https:\/\/actionmall.act.at\/shop\/984\/en\/wp-json\/wp\/v2\/media?parent=384"}],"wp:term":[{"taxonomy":"product_cat","embeddable":true,"href":"https:\/\/actionmall.act.at\/shop\/984\/en\/wp-json\/wp\/v2\/product_cat?post=384"},{"taxonomy":"product_tag","embeddable":true,"href":"https:\/\/actionmall.act.at\/shop\/984\/en\/wp-json\/wp\/v2\/product_tag?post=384"}],"curies":[{"name":"wp","href":"https:\/\/api.w.org\/{rel}","templated":true}]}}