{"id":420,"date":"2025-10-09T10:57:30","date_gmt":"2025-10-09T08:57:30","guid":{"rendered":"https:\/\/actionmall.act.at\/shop\/984\/?post_type=product&#038;p=420"},"modified":"2025-10-09T10:57:30","modified_gmt":"2025-10-09T08:57:30","slug":"arcteryx-beta-hardshelljacke-black-herren","status":"publish","type":"product","link":"https:\/\/actionmall.act.at\/shop\/984\/en\/produkt\/arcteryx-beta-hardshelljacke-black-herren\/","title":{"rendered":"Arc\u2019teryx Beta Hardshelljacke Black (Herren)"},"content":{"rendered":"<p><span data-teams=\"true\">Die Jacke ist wasserdicht, winddicht und hoch atmungsaktiv \u2013 perfekt f\u00fcr wechselhafte Bedingungen in den Bergen oder auf dem Trail. Die PFC-freie FC0 DWR-Impr\u00e4gnierung sorgt daf\u00fcr, dass Wasser einfach abperlt, w\u00e4hrend die innovative GORE C-KNIT\u2122 Backer-Technologie die Jacke angenehm weich, leise und besonders atmungsaktiv macht.<\/span><\/p>\n","protected":false},"excerpt":{"rendered":"<p>Die Jacke ist wasserdicht, winddicht und hoch atmungsaktiv \u2013 perfekt f\u00fcr wechselhafte Bedingungen in den Bergen oder auf dem Trail. Die PFC-freie FC0 DWR-Impr\u00e4gnierung sorgt daf\u00fcr, dass Wasser einfach abperlt, w\u00e4hrend die innovative GORE C-KNIT\u2122 Backer-Technologie die Jacke angenehm weich, leise und besonders atmungsaktiv macht.<\/p>\n","protected":false},"featured_media":422,"template":"","meta":[],"product_cat":[],"product_tag":[],"class_list":{"0":"post-420","1":"product","2":"type-product","3":"status-publish","4":"has-post-thumbnail","7":"first","8":"instock","9":"sale","10":"taxable","11":"shipping-taxable","12":"purchasable","13":"product-type-simple"},"_links":{"self":[{"href":"https:\/\/actionmall.act.at\/shop\/984\/en\/wp-json\/wp\/v2\/product\/420"}],"collection":[{"href":"https:\/\/actionmall.act.at\/shop\/984\/en\/wp-json\/wp\/v2\/product"}],"about":[{"href":"https:\/\/actionmall.act.at\/shop\/984\/en\/wp-json\/wp\/v2\/types\/product"}],"wp:featuredmedia":[{"embeddable":true,"href":"https:\/\/actionmall.act.at\/shop\/984\/en\/wp-json\/wp\/v2\/media\/422"}],"wp:attachment":[{"href":"https:\/\/actionmall.act.at\/shop\/984\/en\/wp-json\/wp\/v2\/media?parent=420"}],"wp:term":[{"taxonomy":"product_cat","embeddable":true,"href":"https:\/\/actionmall.act.at\/shop\/984\/en\/wp-json\/wp\/v2\/product_cat?post=420"},{"taxonomy":"product_tag","embeddable":true,"href":"https:\/\/actionmall.act.at\/shop\/984\/en\/wp-json\/wp\/v2\/product_tag?post=420"}],"curies":[{"name":"wp","href":"https:\/\/api.w.org\/{rel}","templated":true}]}}