{"id":434,"date":"2025-10-16T10:26:01","date_gmt":"2025-10-16T08:26:01","guid":{"rendered":"https:\/\/actionmall.act.at\/shop\/984\/?post_type=product&#038;p=434"},"modified":"2025-11-01T06:42:47","modified_gmt":"2025-11-01T05:42:47","slug":"jako-polyesterjacke-classico","status":"publish","type":"product","link":"https:\/\/actionmall.act.at\/shop\/984\/en\/produkt\/jako-polyesterjacke-classico\/","title":{"rendered":"JAKO Polyesterjacke Classico"},"content":{"rendered":"<p>Die <strong data-start=\"178\" data-end=\"210\">JAKO Polyesterjacke Classico<\/strong> vereint <strong data-start=\"219\" data-end=\"248\">Sportlichkeit und Komfort<\/strong> in einem leichten, funktionalen Design. Sie bietet <strong data-start=\"300\" data-end=\"326\">hohe Bewegungsfreiheit<\/strong>, ein angenehmes Tragegef\u00fchl und ist perfekt f\u00fcr Training, Freizeit oder Schule. Das leuchtende Orange sorgt zus\u00e4tzlich f\u00fcr einen <strong data-start=\"456\" data-end=\"491\">auff\u00e4lligen und stylischen Look<\/strong>.<\/p>\n","protected":false},"excerpt":{"rendered":"<p>Die JAKO Polyesterjacke Classico vereint Sportlichkeit und Komfort in einem leichten, funktionalen Design. Sie bietet hohe Bewegungsfreiheit, ein angenehmes Tragegef\u00fchl und ist perfekt f\u00fcr Training, Freizeit oder Schule. Das leuchtende Orange sorgt zus\u00e4tzlich f\u00fcr einen auff\u00e4lligen und stylischen Look.<\/p>\n","protected":false},"featured_media":435,"template":"","meta":[],"product_cat":[],"product_tag":[],"class_list":{"0":"post-434","1":"product","2":"type-product","3":"status-publish","4":"has-post-thumbnail","7":"first","8":"instock","9":"taxable","10":"shipping-taxable","11":"purchasable","12":"product-type-simple"},"_links":{"self":[{"href":"https:\/\/actionmall.act.at\/shop\/984\/en\/wp-json\/wp\/v2\/product\/434"}],"collection":[{"href":"https:\/\/actionmall.act.at\/shop\/984\/en\/wp-json\/wp\/v2\/product"}],"about":[{"href":"https:\/\/actionmall.act.at\/shop\/984\/en\/wp-json\/wp\/v2\/types\/product"}],"wp:featuredmedia":[{"embeddable":true,"href":"https:\/\/actionmall.act.at\/shop\/984\/en\/wp-json\/wp\/v2\/media\/435"}],"wp:attachment":[{"href":"https:\/\/actionmall.act.at\/shop\/984\/en\/wp-json\/wp\/v2\/media?parent=434"}],"wp:term":[{"taxonomy":"product_cat","embeddable":true,"href":"https:\/\/actionmall.act.at\/shop\/984\/en\/wp-json\/wp\/v2\/product_cat?post=434"},{"taxonomy":"product_tag","embeddable":true,"href":"https:\/\/actionmall.act.at\/shop\/984\/en\/wp-json\/wp\/v2\/product_tag?post=434"}],"curies":[{"name":"wp","href":"https:\/\/api.w.org\/{rel}","templated":true}]}}