{"id":437,"date":"2025-10-23T10:08:14","date_gmt":"2025-10-23T08:08:14","guid":{"rendered":"https:\/\/actionmall.act.at\/shop\/984\/?post_type=product&#038;p=437"},"modified":"2025-12-22T23:20:56","modified_gmt":"2025-12-22T22:20:56","slug":"nike-hoops-elite-backpack-white-black-metallic-gold","status":"publish","type":"product","link":"https:\/\/actionmall.act.at\/shop\/984\/en\/produkt\/nike-hoops-elite-backpack-white-black-metallic-gold\/","title":{"rendered":"Nike Hoops Elite Backpack (white\/black\/metallic gold)"},"content":{"rendered":"<p>Der <strong data-start=\"153\" data-end=\"182\">Nike Hoops Elite Backpack<\/strong> kombiniert Funktionalit\u00e4t und Style auf perfekte Weise. Mit mehreren ger\u00e4umigen F\u00e4chern und robustem Material ist er ideal f\u00fcr Training, Schule oder Freizeit. Das moderne Design sorgt daf\u00fcr, dass der Rucksack nicht nur praktisch, sondern auch ein echter Hingucker ist.<\/p>\n","protected":false},"excerpt":{"rendered":"<p>Der Nike Hoops Elite Backpack kombiniert Funktionalit\u00e4t und Style auf perfekte Weise. Mit mehreren ger\u00e4umigen F\u00e4chern und robustem Material ist er ideal f\u00fcr Training, Schule oder Freizeit. Das moderne Design sorgt daf\u00fcr, dass der Rucksack nicht nur praktisch, sondern auch ein echter Hingucker ist.<\/p>\n","protected":false},"featured_media":438,"template":"","meta":[],"product_cat":[],"product_tag":[],"class_list":{"0":"post-437","1":"product","2":"type-product","3":"status-publish","4":"has-post-thumbnail","7":"first","8":"instock","9":"taxable","10":"shipping-taxable","11":"purchasable","12":"product-type-simple"},"_links":{"self":[{"href":"https:\/\/actionmall.act.at\/shop\/984\/en\/wp-json\/wp\/v2\/product\/437"}],"collection":[{"href":"https:\/\/actionmall.act.at\/shop\/984\/en\/wp-json\/wp\/v2\/product"}],"about":[{"href":"https:\/\/actionmall.act.at\/shop\/984\/en\/wp-json\/wp\/v2\/types\/product"}],"wp:featuredmedia":[{"embeddable":true,"href":"https:\/\/actionmall.act.at\/shop\/984\/en\/wp-json\/wp\/v2\/media\/438"}],"wp:attachment":[{"href":"https:\/\/actionmall.act.at\/shop\/984\/en\/wp-json\/wp\/v2\/media?parent=437"}],"wp:term":[{"taxonomy":"product_cat","embeddable":true,"href":"https:\/\/actionmall.act.at\/shop\/984\/en\/wp-json\/wp\/v2\/product_cat?post=437"},{"taxonomy":"product_tag","embeddable":true,"href":"https:\/\/actionmall.act.at\/shop\/984\/en\/wp-json\/wp\/v2\/product_tag?post=437"}],"curies":[{"name":"wp","href":"https:\/\/api.w.org\/{rel}","templated":true}]}}