{"id":451,"date":"2025-11-13T09:20:21","date_gmt":"2025-11-13T08:20:21","guid":{"rendered":"https:\/\/actionmall.act.at\/shop\/984\/?post_type=product&#038;p=451"},"modified":"2025-11-13T09:20:21","modified_gmt":"2025-11-13T08:20:21","slug":"arcteryx-bird-head-toque-orca","status":"publish","type":"product","link":"https:\/\/actionmall.act.at\/shop\/984\/en\/produkt\/arcteryx-bird-head-toque-orca\/","title":{"rendered":"Arcteryx Bird Head Toque Orca"},"content":{"rendered":"<p>Die Winterm\u00fctze <strong>\u201eArcteryx Bird Head Toque Orca\u201c<\/strong> verbindet Stil und Funktionalit\u00e4t: Sie h\u00e4lt Kopf und Ohren selbst bei eisigen Temperaturen angenehm warm. Das weiche Strickmaterial mit Fleecefutter sorgt f\u00fcr ein komfortables Tragegef\u00fchl, w\u00e4hrend das moderne Design die M\u00fctze zu einem echten Hingucker auf der Eisbahn macht. Perfekt, um warm und modisch durch den Winter zu kommen.<\/p>\n","protected":false},"excerpt":{"rendered":"<p>Die Winterm\u00fctze \u201eArcteryx Bird Head Toque Orca\u201c verbindet Stil und Funktionalit\u00e4t: Sie h\u00e4lt Kopf und Ohren selbst bei eisigen Temperaturen angenehm warm. Das weiche Strickmaterial mit Fleecefutter sorgt f\u00fcr ein komfortables Tragegef\u00fchl, w\u00e4hrend das moderne Design die M\u00fctze zu einem echten Hingucker auf der Eisbahn macht. Perfekt, um warm und modisch durch den Winter zu [&hellip;]<\/p>\n","protected":false},"featured_media":452,"template":"","meta":[],"product_cat":[],"product_tag":[],"class_list":{"0":"post-451","1":"product","2":"type-product","3":"status-publish","4":"has-post-thumbnail","7":"first","8":"instock","9":"sale","10":"taxable","11":"shipping-taxable","12":"purchasable","13":"product-type-simple"},"_links":{"self":[{"href":"https:\/\/actionmall.act.at\/shop\/984\/en\/wp-json\/wp\/v2\/product\/451"}],"collection":[{"href":"https:\/\/actionmall.act.at\/shop\/984\/en\/wp-json\/wp\/v2\/product"}],"about":[{"href":"https:\/\/actionmall.act.at\/shop\/984\/en\/wp-json\/wp\/v2\/types\/product"}],"wp:featuredmedia":[{"embeddable":true,"href":"https:\/\/actionmall.act.at\/shop\/984\/en\/wp-json\/wp\/v2\/media\/452"}],"wp:attachment":[{"href":"https:\/\/actionmall.act.at\/shop\/984\/en\/wp-json\/wp\/v2\/media?parent=451"}],"wp:term":[{"taxonomy":"product_cat","embeddable":true,"href":"https:\/\/actionmall.act.at\/shop\/984\/en\/wp-json\/wp\/v2\/product_cat?post=451"},{"taxonomy":"product_tag","embeddable":true,"href":"https:\/\/actionmall.act.at\/shop\/984\/en\/wp-json\/wp\/v2\/product_tag?post=451"}],"curies":[{"name":"wp","href":"https:\/\/api.w.org\/{rel}","templated":true}]}}