{"id":453,"date":"2025-11-13T09:23:23","date_gmt":"2025-11-13T08:23:23","guid":{"rendered":"https:\/\/actionmall.act.at\/shop\/984\/?post_type=product&#038;p=453"},"modified":"2026-01-02T00:28:03","modified_gmt":"2026-01-01T23:28:03","slug":"herren-skihandschuhe-the-north-face-monatana-ski-schwarz","status":"publish","type":"product","link":"https:\/\/actionmall.act.at\/shop\/984\/en\/produkt\/herren-skihandschuhe-the-north-face-monatana-ski-schwarz\/","title":{"rendered":"Herren-Skihandschuhe The North Face Monatana Ski schwarz"},"content":{"rendered":"<p>Unsere Handschuhe <strong>\u201eHerren-Skihandschuhe The North Face Monatana Ski schwarz\u201c<\/strong> bieten nicht nur W\u00e4rme und Komfort, sondern auch sicheren Griff auf dem Eis. Das atmungsaktive Material h\u00e4lt die H\u00e4nde angenehm trocken, w\u00e4hrend die Anti-Rutsch-Beschichtung optimale Kontrolle garantiert. Ob beim Eislaufen oder beim Winterspaziergang \u2013 die Handschuhe sind der ideale Begleiter f\u00fcr kalte Tage.<\/p>\n","protected":false},"excerpt":{"rendered":"<p>Unsere Handschuhe \u201eHerren-Skihandschuhe The North Face Monatana Ski schwarz\u201c bieten nicht nur W\u00e4rme und Komfort, sondern auch sicheren Griff auf dem Eis. Das atmungsaktive Material h\u00e4lt die H\u00e4nde angenehm trocken, w\u00e4hrend die Anti-Rutsch-Beschichtung optimale Kontrolle garantiert. Ob beim Eislaufen oder beim Winterspaziergang \u2013 die Handschuhe sind der ideale Begleiter f\u00fcr kalte Tage.<\/p>\n","protected":false},"featured_media":454,"template":"","meta":[],"product_cat":[],"product_tag":[],"class_list":{"0":"post-453","1":"product","2":"type-product","3":"status-publish","4":"has-post-thumbnail","7":"first","8":"instock","9":"taxable","10":"shipping-taxable","11":"purchasable","12":"product-type-simple"},"_links":{"self":[{"href":"https:\/\/actionmall.act.at\/shop\/984\/en\/wp-json\/wp\/v2\/product\/453"}],"collection":[{"href":"https:\/\/actionmall.act.at\/shop\/984\/en\/wp-json\/wp\/v2\/product"}],"about":[{"href":"https:\/\/actionmall.act.at\/shop\/984\/en\/wp-json\/wp\/v2\/types\/product"}],"wp:featuredmedia":[{"embeddable":true,"href":"https:\/\/actionmall.act.at\/shop\/984\/en\/wp-json\/wp\/v2\/media\/454"}],"wp:attachment":[{"href":"https:\/\/actionmall.act.at\/shop\/984\/en\/wp-json\/wp\/v2\/media?parent=453"}],"wp:term":[{"taxonomy":"product_cat","embeddable":true,"href":"https:\/\/actionmall.act.at\/shop\/984\/en\/wp-json\/wp\/v2\/product_cat?post=453"},{"taxonomy":"product_tag","embeddable":true,"href":"https:\/\/actionmall.act.at\/shop\/984\/en\/wp-json\/wp\/v2\/product_tag?post=453"}],"curies":[{"name":"wp","href":"https:\/\/api.w.org\/{rel}","templated":true}]}}