{"id":480,"date":"2025-12-18T09:12:23","date_gmt":"2025-12-18T08:12:23","guid":{"rendered":"https:\/\/actionmall.act.at\/shop\/984\/?post_type=product&#038;p=480"},"modified":"2026-02-14T23:01:18","modified_gmt":"2026-02-14T22:01:18","slug":"fitness-matte","status":"publish","type":"product","link":"https:\/\/actionmall.act.at\/shop\/984\/en\/produkt\/fitness-matte\/","title":{"rendered":"Fitness-Matte"},"content":{"rendered":"<p>Die Fitness-Matte \u00fcberzeugt durch ihre rutschfeste Oberfl\u00e4che und angenehme D\u00e4mpfung, die ein komfortables Training erm\u00f6glicht. Sie eignet sich perfekt f\u00fcr Yoga, Stretching, Core- und Bodentraining und sorgt auch bei l\u00e4ngeren Einheiten f\u00fcr Stabilit\u00e4t und Komfort. Dank des leichten Gewichts ist sie einfach zu transportieren und platzsparend zu verstauen.<\/p>\n","protected":false},"excerpt":{"rendered":"<p>Bequeme und rutschfeste Fitness-Matte f\u00fcr Boden\u00fcbungen, Yoga und Stretching.<\/p>\n","protected":false},"featured_media":477,"template":"","meta":[],"product_cat":[],"product_tag":[],"class_list":{"0":"post-480","1":"product","2":"type-product","3":"status-publish","4":"has-post-thumbnail","7":"first","8":"instock","9":"taxable","10":"shipping-taxable","11":"purchasable","12":"product-type-simple"},"_links":{"self":[{"href":"https:\/\/actionmall.act.at\/shop\/984\/en\/wp-json\/wp\/v2\/product\/480"}],"collection":[{"href":"https:\/\/actionmall.act.at\/shop\/984\/en\/wp-json\/wp\/v2\/product"}],"about":[{"href":"https:\/\/actionmall.act.at\/shop\/984\/en\/wp-json\/wp\/v2\/types\/product"}],"wp:featuredmedia":[{"embeddable":true,"href":"https:\/\/actionmall.act.at\/shop\/984\/en\/wp-json\/wp\/v2\/media\/477"}],"wp:attachment":[{"href":"https:\/\/actionmall.act.at\/shop\/984\/en\/wp-json\/wp\/v2\/media?parent=480"}],"wp:term":[{"taxonomy":"product_cat","embeddable":true,"href":"https:\/\/actionmall.act.at\/shop\/984\/en\/wp-json\/wp\/v2\/product_cat?post=480"},{"taxonomy":"product_tag","embeddable":true,"href":"https:\/\/actionmall.act.at\/shop\/984\/en\/wp-json\/wp\/v2\/product_tag?post=480"}],"curies":[{"name":"wp","href":"https:\/\/api.w.org\/{rel}","templated":true}]}}