{"id":493,"date":"2026-01-08T09:11:10","date_gmt":"2026-01-08T08:11:10","guid":{"rendered":"https:\/\/actionmall.act.at\/shop\/984\/?post_type=product&#038;p=493"},"modified":"2026-02-16T23:11:57","modified_gmt":"2026-02-16T22:11:57","slug":"nike-fundamental-speedrope","status":"publish","type":"product","link":"https:\/\/actionmall.act.at\/shop\/984\/en\/produkt\/nike-fundamental-speedrope\/","title":{"rendered":"Nike FUNDAMENTAL SPEEDROPE"},"content":{"rendered":"<p>Das <strong>Nike FUNDAMENTAL SPEEDROPE<\/strong> ist ein unverzichtbares Trainingsger\u00e4t f\u00fcr Box- und Fitnesseinheiten und eignet sich hervorragend zur Steigerung der Ausdauer und Koordination. Dank der verstellbaren L\u00e4nge kann es individuell angepasst werden, w\u00e4hrend die rutschfesten Griffe f\u00fcr optimale Kontrolle sorgen. Das leichte, robuste Material erm\u00f6glicht schnelle Rotationen und ein effizientes Cardiotraining.<\/p>\n","protected":false},"excerpt":{"rendered":"<p>Verstellbares Springseil zur Verbesserung von Ausdauer, Koordination und Beinarbeit.<\/p>\n","protected":false},"featured_media":491,"template":"","meta":[],"product_cat":[],"product_tag":[],"class_list":{"0":"post-493","1":"product","2":"type-product","3":"status-publish","4":"has-post-thumbnail","7":"first","8":"instock","9":"taxable","10":"shipping-taxable","11":"purchasable","12":"product-type-simple"},"_links":{"self":[{"href":"https:\/\/actionmall.act.at\/shop\/984\/en\/wp-json\/wp\/v2\/product\/493"}],"collection":[{"href":"https:\/\/actionmall.act.at\/shop\/984\/en\/wp-json\/wp\/v2\/product"}],"about":[{"href":"https:\/\/actionmall.act.at\/shop\/984\/en\/wp-json\/wp\/v2\/types\/product"}],"wp:featuredmedia":[{"embeddable":true,"href":"https:\/\/actionmall.act.at\/shop\/984\/en\/wp-json\/wp\/v2\/media\/491"}],"wp:attachment":[{"href":"https:\/\/actionmall.act.at\/shop\/984\/en\/wp-json\/wp\/v2\/media?parent=493"}],"wp:term":[{"taxonomy":"product_cat","embeddable":true,"href":"https:\/\/actionmall.act.at\/shop\/984\/en\/wp-json\/wp\/v2\/product_cat?post=493"},{"taxonomy":"product_tag","embeddable":true,"href":"https:\/\/actionmall.act.at\/shop\/984\/en\/wp-json\/wp\/v2\/product_tag?post=493"}],"curies":[{"name":"wp","href":"https:\/\/api.w.org\/{rel}","templated":true}]}}