{"id":504,"date":"2026-01-15T10:22:19","date_gmt":"2026-01-15T09:22:19","guid":{"rendered":"https:\/\/actionmall.act.at\/shop\/984\/?post_type=product&#038;p=504"},"modified":"2026-01-15T10:22:19","modified_gmt":"2026-01-15T09:22:19","slug":"led-stirnlampen-dimmbar-zum-joggen-camping-wasserdichte-kopflampen-sehr-hell","status":"publish","type":"product","link":"https:\/\/actionmall.act.at\/shop\/984\/en\/produkt\/led-stirnlampen-dimmbar-zum-joggen-camping-wasserdichte-kopflampen-sehr-hell\/","title":{"rendered":"LED Stirnlampen dimmbar zum Joggen &#038; Camping Wasserdichte Kopflampen sehr hell"},"content":{"rendered":"<p>Die wasserdichte LED-Stirnlampe bietet mehrere Helligkeitsstufen und sorgt f\u00fcr eine starke Ausleuchtung bei Nachtl\u00e4ufen oder Outdoor-Aktivit\u00e4ten. Durch das verstellbare Kopfband sitzt sie sicher und komfortabel, w\u00e4hrend die robuste Bauweise optimalen Schutz bei Regen und widrigen Wetterbedingungen gew\u00e4hrleistet.<\/p>\n","protected":false},"excerpt":{"rendered":"<p>Sehr helle, dimmbare LED-Stirnlampe f\u00fcr sicheres Joggen und Outdoor-Aktivit\u00e4ten bei Dunkelheit.<\/p>\n","protected":false},"featured_media":502,"template":"","meta":[],"product_cat":[],"product_tag":[],"class_list":{"0":"post-504","1":"product","2":"type-product","3":"status-publish","4":"has-post-thumbnail","7":"first","8":"instock","9":"sale","10":"taxable","11":"shipping-taxable","12":"purchasable","13":"product-type-simple"},"_links":{"self":[{"href":"https:\/\/actionmall.act.at\/shop\/984\/en\/wp-json\/wp\/v2\/product\/504"}],"collection":[{"href":"https:\/\/actionmall.act.at\/shop\/984\/en\/wp-json\/wp\/v2\/product"}],"about":[{"href":"https:\/\/actionmall.act.at\/shop\/984\/en\/wp-json\/wp\/v2\/types\/product"}],"wp:featuredmedia":[{"embeddable":true,"href":"https:\/\/actionmall.act.at\/shop\/984\/en\/wp-json\/wp\/v2\/media\/502"}],"wp:attachment":[{"href":"https:\/\/actionmall.act.at\/shop\/984\/en\/wp-json\/wp\/v2\/media?parent=504"}],"wp:term":[{"taxonomy":"product_cat","embeddable":true,"href":"https:\/\/actionmall.act.at\/shop\/984\/en\/wp-json\/wp\/v2\/product_cat?post=504"},{"taxonomy":"product_tag","embeddable":true,"href":"https:\/\/actionmall.act.at\/shop\/984\/en\/wp-json\/wp\/v2\/product_tag?post=504"}],"curies":[{"name":"wp","href":"https:\/\/api.w.org\/{rel}","templated":true}]}}