{"id":559,"date":"2026-02-05T08:48:34","date_gmt":"2026-02-05T07:48:34","guid":{"rendered":"https:\/\/actionmall.act.at\/shop\/984\/?post_type=product&#038;p=559"},"modified":"2026-02-05T08:48:34","modified_gmt":"2026-02-05T07:48:34","slug":"thermos-sporttrinkflasche-arctic-shield","status":"publish","type":"product","link":"https:\/\/actionmall.act.at\/shop\/984\/en\/produkt\/thermos-sporttrinkflasche-arctic-shield\/","title":{"rendered":"Thermos-Sporttrinkflasche Arctic-Shield"},"content":{"rendered":"<p><span data-teams=\"true\">Die <strong>&#8220;Arctic-Shield&#8221;<\/strong> ist die ideale L\u00f6sung f\u00fcr Wintersportler, Wanderer oder Fu\u00dfballer in der Winterpause. Dank der doppelwandigen Vakuumisolierung gefriert das Wasser bei Minusgraden nicht, und warmer Tee bleibt \u00fcber Stunden auf Idealtemperatur. Die Flasche ist aus hochwertigem, BPA-freiem Edelstahl gefertigt, absolut auslaufsicher und besitzt eine griffige Pulverbeschichtung, damit sie auch mit Handschuhen sicher in der Hand liegt.<\/span><\/p>\n","protected":false},"excerpt":{"rendered":"<p><span data-teams=\"true\">Isolierte Edelstahl-Trinkflasche, die Getr\u00e4nke bis zu 12 Stunden hei\u00df oder 24 Stunden kalt h\u00e4lt.<\/span><\/p>\n","protected":false},"featured_media":558,"template":"","meta":[],"product_cat":[],"product_tag":[],"class_list":{"0":"post-559","1":"product","2":"type-product","3":"status-publish","4":"has-post-thumbnail","7":"first","8":"instock","9":"sale","10":"taxable","11":"shipping-taxable","12":"purchasable","13":"product-type-simple"},"_links":{"self":[{"href":"https:\/\/actionmall.act.at\/shop\/984\/en\/wp-json\/wp\/v2\/product\/559"}],"collection":[{"href":"https:\/\/actionmall.act.at\/shop\/984\/en\/wp-json\/wp\/v2\/product"}],"about":[{"href":"https:\/\/actionmall.act.at\/shop\/984\/en\/wp-json\/wp\/v2\/types\/product"}],"wp:featuredmedia":[{"embeddable":true,"href":"https:\/\/actionmall.act.at\/shop\/984\/en\/wp-json\/wp\/v2\/media\/558"}],"wp:attachment":[{"href":"https:\/\/actionmall.act.at\/shop\/984\/en\/wp-json\/wp\/v2\/media?parent=559"}],"wp:term":[{"taxonomy":"product_cat","embeddable":true,"href":"https:\/\/actionmall.act.at\/shop\/984\/en\/wp-json\/wp\/v2\/product_cat?post=559"},{"taxonomy":"product_tag","embeddable":true,"href":"https:\/\/actionmall.act.at\/shop\/984\/en\/wp-json\/wp\/v2\/product_tag?post=559"}],"curies":[{"name":"wp","href":"https:\/\/api.w.org\/{rel}","templated":true}]}}