{"id":562,"date":"2026-02-05T08:51:07","date_gmt":"2026-02-05T07:51:07","guid":{"rendered":"https:\/\/actionmall.act.at\/shop\/984\/?post_type=product&#038;p=562"},"modified":"2026-02-05T08:51:07","modified_gmt":"2026-02-05T07:51:07","slug":"heimtrainer-matten-set-floor-protect","status":"publish","type":"product","link":"https:\/\/actionmall.act.at\/shop\/984\/en\/produkt\/heimtrainer-matten-set-floor-protect\/","title":{"rendered":"Heimtrainer-Matten-Set &#8220;Floor-Protect&#8221;"},"content":{"rendered":"<p><span data-teams=\"true\">Das &#8220;<strong>Floor-Protect&#8221;<\/strong> Set besteht aus acht quadratischen Puzzleteilen, die individuell zu einer Trainingsfl\u00e4che zusammengesteckt werden k\u00f6nnen. Die Matten sind 1,2 cm dick und bieten eine hervorragende D\u00e4mpfung f\u00fcr schwere Sportger\u00e4te wie Heimtrainer oder Hantelb\u00e4nke, wodurch der Untergrund vor Kratzern und Druckstellen gesch\u00fctzt wird. Zudem wirkt das Material schallisolierend, was besonders in Mietwohnungen bei intensivem Sprungtraining oder dem Einsatz von Fitnessger\u00e4ten von gro\u00dfem Vorteil ist.<\/span><\/p>\n","protected":false},"excerpt":{"rendered":"<p><span data-teams=\"true\">Ineinandergreifende Schutzmatten aus EVA-Schaumstoff zur Schalld\u00e4mpfung und Bodenschonung.<\/span><\/p>\n","protected":false},"featured_media":556,"template":"","meta":[],"product_cat":[],"product_tag":[],"class_list":{"0":"post-562","1":"product","2":"type-product","3":"status-publish","4":"has-post-thumbnail","7":"first","8":"instock","9":"sale","10":"taxable","11":"shipping-taxable","12":"purchasable","13":"product-type-simple"},"_links":{"self":[{"href":"https:\/\/actionmall.act.at\/shop\/984\/en\/wp-json\/wp\/v2\/product\/562"}],"collection":[{"href":"https:\/\/actionmall.act.at\/shop\/984\/en\/wp-json\/wp\/v2\/product"}],"about":[{"href":"https:\/\/actionmall.act.at\/shop\/984\/en\/wp-json\/wp\/v2\/types\/product"}],"wp:featuredmedia":[{"embeddable":true,"href":"https:\/\/actionmall.act.at\/shop\/984\/en\/wp-json\/wp\/v2\/media\/556"}],"wp:attachment":[{"href":"https:\/\/actionmall.act.at\/shop\/984\/en\/wp-json\/wp\/v2\/media?parent=562"}],"wp:term":[{"taxonomy":"product_cat","embeddable":true,"href":"https:\/\/actionmall.act.at\/shop\/984\/en\/wp-json\/wp\/v2\/product_cat?post=562"},{"taxonomy":"product_tag","embeddable":true,"href":"https:\/\/actionmall.act.at\/shop\/984\/en\/wp-json\/wp\/v2\/product_tag?post=562"}],"curies":[{"name":"wp","href":"https:\/\/api.w.org\/{rel}","templated":true}]}}