{"id":599,"date":"2026-02-24T10:14:29","date_gmt":"2026-02-24T09:14:29","guid":{"rendered":"https:\/\/actionmall.act.at\/shop\/984\/?post_type=product&#038;p=599"},"modified":"2026-02-24T10:14:29","modified_gmt":"2026-02-24T09:14:29","slug":"smartfit-pro-4-0-intelligente-fitnessuhr","status":"publish","type":"product","link":"https:\/\/actionmall.act.at\/shop\/984\/en\/produkt\/smartfit-pro-4-0-intelligente-fitnessuhr\/","title":{"rendered":"SmartFit Pro 4.0 \u2013 Intelligente Fitnessuhr"},"content":{"rendered":"<p>Die SmartFit Pro 4.0 ist die perfekte Fitness-Smartwatch f\u00fcr sportliche und technikbegeisterte Jugendliche zwischen 16 und 20 Jahren. Sie \u00fcberzeugt durch ihr modernes Design, ein hochaufl\u00f6sendes Touchdisplay und zahlreiche smarte Funktionen. Neben pr\u00e4ziser Pulsmessung, Schrittz\u00e4hler und Kalorienverbrauch bietet sie auch Schlaftracking zur Optimierung der Regeneration. Dank wasserdichtem Geh\u00e4use eignet sie sich ideal f\u00fcr Training, Alltag und Outdoor-Aktivit\u00e4ten. \u00dcber die SmartFit-App k\u00f6nnen Trainingsdaten in Echtzeit analysiert, pers\u00f6nliche Ziele gesetzt und Challenges mit Freunden gestartet werden. Zus\u00e4tzlich informiert die Uhr \u00fcber eingehende Nachrichten, Anrufe und Social-Media-Benachrichtigungen \u2013 alles direkt am Handgelenk.<\/p>\n","protected":false},"excerpt":{"rendered":"<p>SmartFit Pro 4.0 \u2013 Wasserdichte Fitness-Smartwatch mit Pulsmessung, Schlaftracking und Smartphone-Benachrichtigung<\/p>\n","protected":false},"featured_media":597,"template":"","meta":[],"product_cat":[],"product_tag":[],"class_list":{"0":"post-599","1":"product","2":"type-product","3":"status-publish","4":"has-post-thumbnail","7":"first","8":"instock","9":"sale","10":"taxable","11":"shipping-taxable","12":"purchasable","13":"product-type-simple"},"_links":{"self":[{"href":"https:\/\/actionmall.act.at\/shop\/984\/en\/wp-json\/wp\/v2\/product\/599"}],"collection":[{"href":"https:\/\/actionmall.act.at\/shop\/984\/en\/wp-json\/wp\/v2\/product"}],"about":[{"href":"https:\/\/actionmall.act.at\/shop\/984\/en\/wp-json\/wp\/v2\/types\/product"}],"wp:featuredmedia":[{"embeddable":true,"href":"https:\/\/actionmall.act.at\/shop\/984\/en\/wp-json\/wp\/v2\/media\/597"}],"wp:attachment":[{"href":"https:\/\/actionmall.act.at\/shop\/984\/en\/wp-json\/wp\/v2\/media?parent=599"}],"wp:term":[{"taxonomy":"product_cat","embeddable":true,"href":"https:\/\/actionmall.act.at\/shop\/984\/en\/wp-json\/wp\/v2\/product_cat?post=599"},{"taxonomy":"product_tag","embeddable":true,"href":"https:\/\/actionmall.act.at\/shop\/984\/en\/wp-json\/wp\/v2\/product_tag?post=599"}],"curies":[{"name":"wp","href":"https:\/\/api.w.org\/{rel}","templated":true}]}}