{"id":639,"date":"2026-03-24T10:35:05","date_gmt":"2026-03-24T09:35:05","guid":{"rendered":"https:\/\/actionmall.act.at\/shop\/984\/?post_type=product&#038;p=639"},"modified":"2026-03-24T10:35:05","modified_gmt":"2026-03-24T09:35:05","slug":"trampolin-trick-scooter","status":"publish","type":"product","link":"https:\/\/actionmall.act.at\/shop\/984\/en\/produkt\/trampolin-trick-scooter\/","title":{"rendered":"Trampolin Trick Scooter"},"content":{"rendered":"<p>Indo Pro V2 hochwertiger Trampolin Trick Scooter f\u00fcr Indoor- und Outdoor-Tricktraining, sichere Sprung\u00fcbungen ohne R\u00e4der f\u00fcr Kinder und Jugendliche<\/p>\n","protected":false},"excerpt":{"rendered":"<p>Trampolin Trick Scooter<\/p>\n","protected":false},"featured_media":642,"template":"","meta":[],"product_cat":[45],"product_tag":[],"class_list":{"0":"post-639","1":"product","2":"type-product","3":"status-publish","4":"has-post-thumbnail","6":"product_cat-sport-veranstaltungen-hobbies","8":"first","9":"instock","10":"sale","11":"taxable","12":"shipping-taxable","13":"purchasable","14":"product-type-simple"},"_links":{"self":[{"href":"https:\/\/actionmall.act.at\/shop\/984\/en\/wp-json\/wp\/v2\/product\/639"}],"collection":[{"href":"https:\/\/actionmall.act.at\/shop\/984\/en\/wp-json\/wp\/v2\/product"}],"about":[{"href":"https:\/\/actionmall.act.at\/shop\/984\/en\/wp-json\/wp\/v2\/types\/product"}],"wp:featuredmedia":[{"embeddable":true,"href":"https:\/\/actionmall.act.at\/shop\/984\/en\/wp-json\/wp\/v2\/media\/642"}],"wp:attachment":[{"href":"https:\/\/actionmall.act.at\/shop\/984\/en\/wp-json\/wp\/v2\/media?parent=639"}],"wp:term":[{"taxonomy":"product_cat","embeddable":true,"href":"https:\/\/actionmall.act.at\/shop\/984\/en\/wp-json\/wp\/v2\/product_cat?post=639"},{"taxonomy":"product_tag","embeddable":true,"href":"https:\/\/actionmall.act.at\/shop\/984\/en\/wp-json\/wp\/v2\/product_tag?post=639"}],"curies":[{"name":"wp","href":"https:\/\/api.w.org\/{rel}","templated":true}]}}