{"id":665,"date":"2026-04-14T10:25:32","date_gmt":"2026-04-14T08:25:32","guid":{"rendered":"https:\/\/actionmall.act.at\/shop\/984\/?post_type=product&#038;p=665"},"modified":"2026-04-14T10:25:32","modified_gmt":"2026-04-14T08:25:32","slug":"venum-boxhandschuhe","status":"publish","type":"product","link":"https:\/\/actionmall.act.at\/shop\/984\/en\/produkt\/venum-boxhandschuhe\/","title":{"rendered":"VENUM Boxhandschuhe"},"content":{"rendered":"<ul>\n<li data-section-id=\"vym4gi\" data-start=\"183\" data-end=\"242\"><strong data-start=\"185\" data-end=\"202\">Nettogewicht:<\/strong> 12 oz (ca. <strong data-start=\"214\" data-end=\"225\">0,34 kg<\/strong> pro Handschuh)<\/li>\n<li data-section-id=\"8l0fpg\" data-start=\"243\" data-end=\"311\"><strong data-start=\"245\" data-end=\"263\">Bruttogewicht:<\/strong> ca. <strong data-start=\"268\" data-end=\"284\">0,8 \u2013 1,0 kg<\/strong> (inkl. Verpackung, Paar)<\/li>\n<li data-section-id=\"mtqv1s\" data-start=\"312\" data-end=\"368\"><strong data-start=\"314\" data-end=\"327\">Material:<\/strong> strapazierf\u00e4higes Kunstleder (Skintex)<\/li>\n<li data-section-id=\"knn1h4\" data-start=\"369\" data-end=\"439\"><strong data-start=\"371\" data-end=\"386\">Polsterung:<\/strong> mehrlagiger Schaumstoff f\u00fcr effektive Sto\u00dfd\u00e4mpfung<\/li>\n<li data-section-id=\"xhkpao\" data-start=\"440\" data-end=\"536\"><strong data-start=\"442\" data-end=\"457\">Verschluss:<\/strong> stabiler Klettverschluss f\u00fcr sicheren Halt und Unterst\u00fctzung des Handgelenks<\/li>\n<li data-section-id=\"1wwv2vj\" data-start=\"537\" data-end=\"596\"><strong data-start=\"539\" data-end=\"552\">Passform:<\/strong> ergonomisch geformt f\u00fcr maximalen Komfort<\/li>\n<\/ul>\n","protected":false},"excerpt":{"rendered":"<p>BOXHANDSCHUHE VENUM SCHWARZ 12OZ<\/p>\n","protected":false},"featured_media":663,"template":"","meta":[],"product_cat":[35,45],"product_tag":[],"class_list":{"0":"post-665","1":"product","2":"type-product","3":"status-publish","4":"has-post-thumbnail","6":"product_cat-bekleidung-und-zubehoer","7":"product_cat-sport-veranstaltungen-hobbies","9":"first","10":"instock","11":"sale","12":"taxable","13":"shipping-taxable","14":"purchasable","15":"product-type-simple"},"_links":{"self":[{"href":"https:\/\/actionmall.act.at\/shop\/984\/en\/wp-json\/wp\/v2\/product\/665"}],"collection":[{"href":"https:\/\/actionmall.act.at\/shop\/984\/en\/wp-json\/wp\/v2\/product"}],"about":[{"href":"https:\/\/actionmall.act.at\/shop\/984\/en\/wp-json\/wp\/v2\/types\/product"}],"wp:featuredmedia":[{"embeddable":true,"href":"https:\/\/actionmall.act.at\/shop\/984\/en\/wp-json\/wp\/v2\/media\/663"}],"wp:attachment":[{"href":"https:\/\/actionmall.act.at\/shop\/984\/en\/wp-json\/wp\/v2\/media?parent=665"}],"wp:term":[{"taxonomy":"product_cat","embeddable":true,"href":"https:\/\/actionmall.act.at\/shop\/984\/en\/wp-json\/wp\/v2\/product_cat?post=665"},{"taxonomy":"product_tag","embeddable":true,"href":"https:\/\/actionmall.act.at\/shop\/984\/en\/wp-json\/wp\/v2\/product_tag?post=665"}],"curies":[{"name":"wp","href":"https:\/\/api.w.org\/{rel}","templated":true}]}}