{"id":670,"date":"2026-04-14T11:02:39","date_gmt":"2026-04-14T09:02:39","guid":{"rendered":"https:\/\/actionmall.act.at\/shop\/984\/?post_type=product&#038;p=670"},"modified":"2026-04-14T11:02:39","modified_gmt":"2026-04-14T09:02:39","slug":"venum-sprungseil","status":"publish","type":"product","link":"https:\/\/actionmall.act.at\/shop\/984\/en\/produkt\/venum-sprungseil\/","title":{"rendered":"Venum Sprungseil"},"content":{"rendered":"<ul>\n<li data-section-id=\"i7xfrh\" data-start=\"190\" data-end=\"227\"><strong data-start=\"192\" data-end=\"209\">Nettogewicht:<\/strong> ca. <strong data-start=\"214\" data-end=\"225\">0,15 kg<\/strong><\/li>\n<li data-section-id=\"joibeq\" data-start=\"228\" data-end=\"292\"><strong data-start=\"230\" data-end=\"248\">Bruttogewicht:<\/strong> ca. <strong data-start=\"253\" data-end=\"271\">0,20 \u2013 0,30 kg<\/strong> (inkl. Verpackung)<\/li>\n<li data-section-id=\"dg44n\" data-start=\"293\" data-end=\"355\"><strong data-start=\"295\" data-end=\"308\">Material:<\/strong> robustes Stahlseil mit Kunststoffummantelung<\/li>\n<li data-section-id=\"mqmqhn\" data-start=\"356\" data-end=\"419\"><strong data-start=\"358\" data-end=\"369\">Griffe:<\/strong> ergonomisch geformt mit rutschfester Oberfl\u00e4che<\/li>\n<li data-section-id=\"1ly6d7s\" data-start=\"420\" data-end=\"481\"><strong data-start=\"422\" data-end=\"432\">L\u00e4nge:<\/strong> individuell verstellbar f\u00fcr optimale Anpassung<\/li>\n<li data-section-id=\"wgoe8p\" data-start=\"482\" data-end=\"555\"><strong data-start=\"484\" data-end=\"494\">Lager:<\/strong> integrierte Kugellager f\u00fcr schnelle, gleichm\u00e4\u00dfige Rotation<\/li>\n<\/ul>\n","protected":false},"excerpt":{"rendered":"<p>Venum Sprungseil<\/p>\n","protected":false},"featured_media":668,"template":"","meta":[],"product_cat":[45],"product_tag":[],"class_list":{"0":"post-670","1":"product","2":"type-product","3":"status-publish","4":"has-post-thumbnail","6":"product_cat-sport-veranstaltungen-hobbies","8":"first","9":"instock","10":"sale","11":"taxable","12":"shipping-taxable","13":"purchasable","14":"product-type-simple"},"_links":{"self":[{"href":"https:\/\/actionmall.act.at\/shop\/984\/en\/wp-json\/wp\/v2\/product\/670"}],"collection":[{"href":"https:\/\/actionmall.act.at\/shop\/984\/en\/wp-json\/wp\/v2\/product"}],"about":[{"href":"https:\/\/actionmall.act.at\/shop\/984\/en\/wp-json\/wp\/v2\/types\/product"}],"wp:featuredmedia":[{"embeddable":true,"href":"https:\/\/actionmall.act.at\/shop\/984\/en\/wp-json\/wp\/v2\/media\/668"}],"wp:attachment":[{"href":"https:\/\/actionmall.act.at\/shop\/984\/en\/wp-json\/wp\/v2\/media?parent=670"}],"wp:term":[{"taxonomy":"product_cat","embeddable":true,"href":"https:\/\/actionmall.act.at\/shop\/984\/en\/wp-json\/wp\/v2\/product_cat?post=670"},{"taxonomy":"product_tag","embeddable":true,"href":"https:\/\/actionmall.act.at\/shop\/984\/en\/wp-json\/wp\/v2\/product_tag?post=670"}],"curies":[{"name":"wp","href":"https:\/\/api.w.org\/{rel}","templated":true}]}}