{"id":692,"date":"2026-04-28T09:53:47","date_gmt":"2026-04-28T07:53:47","guid":{"rendered":"https:\/\/actionmall.act.at\/shop\/984\/?post_type=product&#038;p=692"},"modified":"2026-04-28T09:53:47","modified_gmt":"2026-04-28T07:53:47","slug":"verstellbares-hantel-set-strong-mom","status":"publish","type":"product","link":"https:\/\/actionmall.act.at\/shop\/984\/en\/produkt\/verstellbares-hantel-set-strong-mom\/","title":{"rendered":"Verstellbares Hantel-Set \u201eStrong Mom\u201c"},"content":{"rendered":"<p><span data-teams=\"true\">Das \u201eStrong Mom\u201c Hantel-Set ist ein hochwertiges Trainingsger\u00e4t f\u00fcr gezielten Muskelaufbau und Krafttraining. Dank der verstellbaren Gewichte kann das Training individuell angepasst werden \u2013 von leichtem Einstieg bis hin zu intensivem Workout. Hanteltraining geh\u00f6rt zu den effektivsten Methoden, um Muskulatur aufzubauen und die Fitness zu steigern. Es eignet sich perfekt f\u00fcr M\u00fctter, die flexibel und effizient trainieren m\u00f6chten, ohne viel Platz zu ben\u00f6tigen.<br \/>\n<\/span><\/p>\n","protected":false},"excerpt":{"rendered":"<p><span data-teams=\"true\">Flexibles Hantelset f\u00fcr individuelles Krafttraining zuhause.<br \/>\n<\/span><\/p>\n","protected":false},"featured_media":690,"template":"","meta":[],"product_cat":[45],"product_tag":[],"class_list":{"0":"post-692","1":"product","2":"type-product","3":"status-publish","4":"has-post-thumbnail","6":"product_cat-sport-veranstaltungen-hobbies","8":"first","9":"instock","10":"sale","11":"taxable","12":"shipping-taxable","13":"purchasable","14":"product-type-simple"},"_links":{"self":[{"href":"https:\/\/actionmall.act.at\/shop\/984\/en\/wp-json\/wp\/v2\/product\/692"}],"collection":[{"href":"https:\/\/actionmall.act.at\/shop\/984\/en\/wp-json\/wp\/v2\/product"}],"about":[{"href":"https:\/\/actionmall.act.at\/shop\/984\/en\/wp-json\/wp\/v2\/types\/product"}],"wp:featuredmedia":[{"embeddable":true,"href":"https:\/\/actionmall.act.at\/shop\/984\/en\/wp-json\/wp\/v2\/media\/690"}],"wp:attachment":[{"href":"https:\/\/actionmall.act.at\/shop\/984\/en\/wp-json\/wp\/v2\/media?parent=692"}],"wp:term":[{"taxonomy":"product_cat","embeddable":true,"href":"https:\/\/actionmall.act.at\/shop\/984\/en\/wp-json\/wp\/v2\/product_cat?post=692"},{"taxonomy":"product_tag","embeddable":true,"href":"https:\/\/actionmall.act.at\/shop\/984\/en\/wp-json\/wp\/v2\/product_tag?post=692"}],"curies":[{"name":"wp","href":"https:\/\/api.w.org\/{rel}","templated":true}]}}