{"id":693,"date":"2026-04-28T09:57:11","date_gmt":"2026-04-28T07:57:11","guid":{"rendered":"https:\/\/actionmall.act.at\/shop\/984\/?post_type=product&#038;p=693"},"modified":"2026-04-28T09:57:11","modified_gmt":"2026-04-28T07:57:11","slug":"wellness-recovery-set-relax-mom","status":"publish","type":"product","link":"https:\/\/actionmall.act.at\/shop\/984\/en\/produkt\/wellness-recovery-set-relax-mom\/","title":{"rendered":"Wellness &#038; Recovery Set \u201eRelax Mom\u201c"},"content":{"rendered":"<p><span data-teams=\"true\">Das \u201eRelax Mom\u201c Set kombiniert Fitness und Entspannung und ist damit ideal als Muttertagsgeschenk. Es enth\u00e4lt eine Faszienrolle zur Muskelmassage sowie erg\u00e4nzende Tools zur Regeneration. Faszienrollen werden h\u00e4ufig zur Lockerung der Muskulatur und zur F\u00f6rderung der Durchblutung eingesetzt und sind ein wichtiger Bestandteil moderner Fitnessprogramme. \u00a0 Dieses Produkt richtet sich besonders an M\u00fctter, die nach dem Training oder im Alltag Entspannung suchen.<\/span><\/p>\n","protected":false},"excerpt":{"rendered":"<p><span data-teams=\"true\">Regenerations-Set f\u00fcr Entspannung und Muskellockerung.<\/span><\/p>\n","protected":false},"featured_media":689,"template":"","meta":[],"product_cat":[45,46],"product_tag":[],"class_list":{"0":"post-693","1":"product","2":"type-product","3":"status-publish","4":"has-post-thumbnail","6":"product_cat-sport-veranstaltungen-hobbies","7":"product_cat-gesundheit-und-wellness","9":"first","10":"instock","11":"sale","12":"taxable","13":"shipping-taxable","14":"purchasable","15":"product-type-simple"},"_links":{"self":[{"href":"https:\/\/actionmall.act.at\/shop\/984\/en\/wp-json\/wp\/v2\/product\/693"}],"collection":[{"href":"https:\/\/actionmall.act.at\/shop\/984\/en\/wp-json\/wp\/v2\/product"}],"about":[{"href":"https:\/\/actionmall.act.at\/shop\/984\/en\/wp-json\/wp\/v2\/types\/product"}],"wp:featuredmedia":[{"embeddable":true,"href":"https:\/\/actionmall.act.at\/shop\/984\/en\/wp-json\/wp\/v2\/media\/689"}],"wp:attachment":[{"href":"https:\/\/actionmall.act.at\/shop\/984\/en\/wp-json\/wp\/v2\/media?parent=693"}],"wp:term":[{"taxonomy":"product_cat","embeddable":true,"href":"https:\/\/actionmall.act.at\/shop\/984\/en\/wp-json\/wp\/v2\/product_cat?post=693"},{"taxonomy":"product_tag","embeddable":true,"href":"https:\/\/actionmall.act.at\/shop\/984\/en\/wp-json\/wp\/v2\/product_tag?post=693"}],"curies":[{"name":"wp","href":"https:\/\/api.w.org\/{rel}","templated":true}]}}