{"id":373,"date":"2025-04-07T12:33:42","date_gmt":"2025-04-07T10:33:42","guid":{"rendered":"https:\/\/actionmall.act.at\/shop\/984\/?post_type=product&#038;p=373"},"modified":"2025-04-07T12:33:42","modified_gmt":"2025-04-07T10:33:42","slug":"nike-%c2%b7-academy-thermafit-feldspielerhandschuhe","status":"publish","type":"product","link":"https:\/\/actionmall.act.at\/shop\/984\/produkt\/nike-%c2%b7-academy-thermafit-feldspielerhandschuhe\/","title":{"rendered":"Nike \u00b7 Academy Thermafit Feldspielerhandschuhe"},"content":{"rendered":"<p>Mit den Nike Academy Therma-FIT Handschuhen trotzt du schlechtem Wetter. Sie bestehen aus warmem Material, das die K\u00e4lte drau\u00dfen h\u00e4lt, damit du dich voll und ganz auf dein Spiel konzentrieren kannst. Strukturierte Handfl\u00e4chen erm\u00f6glichen ein besseres Ballgef\u00fchl f\u00fcr schnelle Neustarts und Einw\u00fcrfe.<\/p>\n","protected":false},"excerpt":{"rendered":"<p>Mit den Nike Academy Therma-FIT Handschuhen trotzt du schlechtem Wetter. Sie bestehen aus warmem Material, das die K\u00e4lte drau\u00dfen h\u00e4lt, damit du dich voll und ganz auf dein Spiel konzentrieren kannst. Strukturierte Handfl\u00e4chen erm\u00f6glichen ein besseres Ballgef\u00fchl f\u00fcr schnelle Neustarts und Einw\u00fcrfe.<\/p>\n","protected":false},"featured_media":374,"template":"","meta":[],"product_cat":[],"product_tag":[],"class_list":{"0":"post-373","1":"product","2":"type-product","3":"status-publish","4":"has-post-thumbnail","7":"first","8":"instock","9":"taxable","10":"shipping-taxable","11":"purchasable","12":"product-type-simple"},"_links":{"self":[{"href":"https:\/\/actionmall.act.at\/shop\/984\/wp-json\/wp\/v2\/product\/373"}],"collection":[{"href":"https:\/\/actionmall.act.at\/shop\/984\/wp-json\/wp\/v2\/product"}],"about":[{"href":"https:\/\/actionmall.act.at\/shop\/984\/wp-json\/wp\/v2\/types\/product"}],"wp:featuredmedia":[{"embeddable":true,"href":"https:\/\/actionmall.act.at\/shop\/984\/wp-json\/wp\/v2\/media\/374"}],"wp:attachment":[{"href":"https:\/\/actionmall.act.at\/shop\/984\/wp-json\/wp\/v2\/media?parent=373"}],"wp:term":[{"taxonomy":"product_cat","embeddable":true,"href":"https:\/\/actionmall.act.at\/shop\/984\/wp-json\/wp\/v2\/product_cat?post=373"},{"taxonomy":"product_tag","embeddable":true,"href":"https:\/\/actionmall.act.at\/shop\/984\/wp-json\/wp\/v2\/product_tag?post=373"}],"curies":[{"name":"wp","href":"https:\/\/api.w.org\/{rel}","templated":true}]}}