{"id":380,"date":"2025-04-07T12:53:27","date_gmt":"2025-04-07T10:53:27","guid":{"rendered":"https:\/\/actionmall.act.at\/shop\/984\/?post_type=product&#038;p=380"},"modified":"2025-04-07T12:53:27","modified_gmt":"2025-04-07T10:53:27","slug":"erima-elemental-funktionsunterhose","status":"publish","type":"product","link":"https:\/\/actionmall.act.at\/shop\/984\/produkt\/erima-elemental-funktionsunterhose\/","title":{"rendered":"Erima &#8211; Elemental Funktionsunterhose"},"content":{"rendered":"<p>Die FUNCTIONAL TIGHT LANG ist perfekt f\u00fcr intensives Training und k\u00fchlere Spieltage. Ihre eng anliegende Kompressionspassform unterst\u00fctzt deine Muskulatur und h\u00e4lt sie gleichzeitig angenehm trocken und warm. Das hochelastische, weiche Material schmiegt sich perfekt an deinen K\u00f6rper an. Gleichzeitig sorgen nahtlos integrierte Bel\u00fcftungszonen f\u00fcr mehr Atmungsaktivit\u00e4t.<\/p>\n","protected":false},"excerpt":{"rendered":"<p>Die FUNCTIONAL TIGHT LANG ist perfekt f\u00fcr intensives Training und k\u00fchlere Spieltage. Ihre eng anliegende Kompressionspassform unterst\u00fctzt deine Muskulatur und h\u00e4lt sie gleichzeitig angenehm trocken und warm. Das hochelastische, weiche Material schmiegt sich perfekt an deinen K\u00f6rper an. Gleichzeitig sorgen nahtlos integrierte Bel\u00fcftungszonen f\u00fcr mehr Atmungsaktivit\u00e4t.<\/p>\n","protected":false},"featured_media":381,"template":"","meta":[],"product_cat":[],"product_tag":[],"class_list":{"0":"post-380","1":"product","2":"type-product","3":"status-publish","4":"has-post-thumbnail","7":"first","8":"instock","9":"taxable","10":"shipping-taxable","11":"purchasable","12":"product-type-simple"},"_links":{"self":[{"href":"https:\/\/actionmall.act.at\/shop\/984\/wp-json\/wp\/v2\/product\/380"}],"collection":[{"href":"https:\/\/actionmall.act.at\/shop\/984\/wp-json\/wp\/v2\/product"}],"about":[{"href":"https:\/\/actionmall.act.at\/shop\/984\/wp-json\/wp\/v2\/types\/product"}],"wp:featuredmedia":[{"embeddable":true,"href":"https:\/\/actionmall.act.at\/shop\/984\/wp-json\/wp\/v2\/media\/381"}],"wp:attachment":[{"href":"https:\/\/actionmall.act.at\/shop\/984\/wp-json\/wp\/v2\/media?parent=380"}],"wp:term":[{"taxonomy":"product_cat","embeddable":true,"href":"https:\/\/actionmall.act.at\/shop\/984\/wp-json\/wp\/v2\/product_cat?post=380"},{"taxonomy":"product_tag","embeddable":true,"href":"https:\/\/actionmall.act.at\/shop\/984\/wp-json\/wp\/v2\/product_tag?post=380"}],"curies":[{"name":"wp","href":"https:\/\/api.w.org\/{rel}","templated":true}]}}