{"id":382,"date":"2025-04-07T12:55:53","date_gmt":"2025-04-07T10:55:53","guid":{"rendered":"https:\/\/actionmall.act.at\/shop\/984\/?post_type=product&#038;p=382"},"modified":"2025-04-07T12:55:53","modified_gmt":"2025-04-07T10:55:53","slug":"nike-mecurial-vapor-16-elite-fussballschuhe","status":"publish","type":"product","link":"https:\/\/actionmall.act.at\/shop\/984\/produkt\/nike-mecurial-vapor-16-elite-fussballschuhe\/","title":{"rendered":"Nike &#8211; Mecurial Vapor 16 Elite Fu\u00dfballschuhe"},"content":{"rendered":"<p>Du liebst den Geschwindigkeitsrausch? Dann hast du etwas mit den gr\u00f6\u00dften Fu\u00dfballstars gemeinsam. Nike hat diese Elite Schuhe deshalb mit einem verbesserten Air Zoom-Element in 3\/4-L\u00e4nge entwickelt. Sie geben dir und den Schnellsten des Sports das antreibende Tragegef\u00fchl, das du brauchst, um den Torraum zu durchbrechen. Das Ergebnis ist der reaktionsfreudigster Mercurial aller Zeiten, weil du Gro\u00dfartiges von dir und deinen Schuhen erwartest. Nike Gripknit ist ein griffiges Material, das f\u00fcr ein besseres Ballgef\u00fchl sorgt. Der Schuh bietet mehr Fl\u00e4che, damit du den Ball beim Dribbeln mit hoher Geschwindigkeit besser kontrollieren oder einen Spielzug mit einem Torschuss kr\u00f6nen kannst. Er passt sich der Form deines Fu\u00dfes an und bietet sowohl bei nassen als auch bei trockenen Bedingungen den gleichen Grip. Die Passform \u00e4hnelt der eines Leichtathletikschuhs. Die Mikromolding-Struktur mit Gripknit schmiegt sich an deinen Fu\u00df, um noch besseren Ballkontakt zu erm\u00f6glichen. Das wellenf\u00f6rmige Traktionsmuster besteht aus einer Reihe von kaskadierenden Stollen, sodass das Air Zoom-Element eine gr\u00f6\u00dfere Fl\u00e4che erh\u00e4lt und gleichzeitig optimaler Grip auf der Tagesordnung steht. Der gr\u00f6\u00dfte Stollen ist genauso hoch wie die traditionellen mittleren Stollen, sodass die Traktion nicht beeintr\u00e4chtigt wird. Nike hat die wellen\u00e4hnliche Traktion mit weiterentwickelten Chevron- und Blade-Stollen kombiniert, was schnelle Richtungswechsel erleichtert. Das durchgehende Flyknit-Obermaterial wurde f\u00fcr ein hohes Tempo entwickelt. Atomknit, eine unglaublich leichte und starke Flyknit-Variante, an den Seiten reduziert das Gewicht und sorgt f\u00fcr Halt. Gripknit, Atomknit und Flyknit bilden zusammen das bisher d\u00fcnnste Obermaterial des Mercurial, das dich n\u00e4her an den Ball bringt und auch die Zeit verk\u00fcrzt, die du den Schuh eintragen musst.<\/p>\n","protected":false},"excerpt":{"rendered":"<p>Du liebst den Geschwindigkeitsrausch? Dann hast du etwas mit den gr\u00f6\u00dften Fu\u00dfballstars gemeinsam. Nike hat diese Elite Schuhe deshalb mit einem verbesserten Air Zoom-Element in 3\/4-L\u00e4nge entwickelt. Sie geben dir und den Schnellsten des Sports das antreibende Tragegef\u00fchl, das du brauchst, um den Torraum zu durchbrechen. Das Ergebnis ist der reaktionsfreudigster Mercurial aller Zeiten, weil [&hellip;]<\/p>\n","protected":false},"featured_media":383,"template":"","meta":[],"product_cat":[],"product_tag":[],"class_list":{"0":"post-382","1":"product","2":"type-product","3":"status-publish","4":"has-post-thumbnail","7":"first","8":"instock","9":"taxable","10":"shipping-taxable","11":"purchasable","12":"product-type-simple"},"_links":{"self":[{"href":"https:\/\/actionmall.act.at\/shop\/984\/wp-json\/wp\/v2\/product\/382"}],"collection":[{"href":"https:\/\/actionmall.act.at\/shop\/984\/wp-json\/wp\/v2\/product"}],"about":[{"href":"https:\/\/actionmall.act.at\/shop\/984\/wp-json\/wp\/v2\/types\/product"}],"wp:featuredmedia":[{"embeddable":true,"href":"https:\/\/actionmall.act.at\/shop\/984\/wp-json\/wp\/v2\/media\/383"}],"wp:attachment":[{"href":"https:\/\/actionmall.act.at\/shop\/984\/wp-json\/wp\/v2\/media?parent=382"}],"wp:term":[{"taxonomy":"product_cat","embeddable":true,"href":"https:\/\/actionmall.act.at\/shop\/984\/wp-json\/wp\/v2\/product_cat?post=382"},{"taxonomy":"product_tag","embeddable":true,"href":"https:\/\/actionmall.act.at\/shop\/984\/wp-json\/wp\/v2\/product_tag?post=382"}],"curies":[{"name":"wp","href":"https:\/\/api.w.org\/{rel}","templated":true}]}}