{"id":392,"date":"2025-04-07T13:05:46","date_gmt":"2025-04-07T11:05:46","guid":{"rendered":"https:\/\/actionmall.act.at\/shop\/984\/?post_type=product&#038;p=392"},"modified":"2025-04-07T13:05:47","modified_gmt":"2025-04-07T11:05:47","slug":"energetics-yogamatte","status":"publish","type":"product","link":"https:\/\/actionmall.act.at\/shop\/984\/produkt\/energetics-yogamatte\/","title":{"rendered":"Energetics\u00a0Yogamatte"},"content":{"rendered":"<p>Diese Yogamatte aus Naturkautschuk passt \u00fcberall hin, wo du deine Stunden verbringst. Die ENERGETICS Yogamatte ist aus Naturkautschuk gefertigt, rutschfest und bietet dir eine hervorragende D\u00e4mpfung f\u00fcr ein komfortables und schonendes Training. Die Abmessungen der Fitnessmatte betragen 180 x 66 cm bei einer St\u00e4rke von 0,5 cm.<\/p>\n","protected":false},"excerpt":{"rendered":"<p>Diese Yogamatte aus Naturkautschuk passt \u00fcberall hin, wo du deine Stunden verbringst. Die ENERGETICS Yogamatte ist aus Naturkautschuk gefertigt, rutschfest und bietet dir eine hervorragende D\u00e4mpfung f\u00fcr ein komfortables und schonendes Training. Die Abmessungen der Fitnessmatte betragen 180 x 66 cm bei einer St\u00e4rke von 0,5 cm.<\/p>\n","protected":false},"featured_media":393,"template":"","meta":[],"product_cat":[],"product_tag":[],"class_list":{"0":"post-392","1":"product","2":"type-product","3":"status-publish","4":"has-post-thumbnail","7":"first","8":"instock","9":"taxable","10":"shipping-taxable","11":"purchasable","12":"product-type-simple"},"_links":{"self":[{"href":"https:\/\/actionmall.act.at\/shop\/984\/wp-json\/wp\/v2\/product\/392"}],"collection":[{"href":"https:\/\/actionmall.act.at\/shop\/984\/wp-json\/wp\/v2\/product"}],"about":[{"href":"https:\/\/actionmall.act.at\/shop\/984\/wp-json\/wp\/v2\/types\/product"}],"wp:featuredmedia":[{"embeddable":true,"href":"https:\/\/actionmall.act.at\/shop\/984\/wp-json\/wp\/v2\/media\/393"}],"wp:attachment":[{"href":"https:\/\/actionmall.act.at\/shop\/984\/wp-json\/wp\/v2\/media?parent=392"}],"wp:term":[{"taxonomy":"product_cat","embeddable":true,"href":"https:\/\/actionmall.act.at\/shop\/984\/wp-json\/wp\/v2\/product_cat?post=392"},{"taxonomy":"product_tag","embeddable":true,"href":"https:\/\/actionmall.act.at\/shop\/984\/wp-json\/wp\/v2\/product_tag?post=392"}],"curies":[{"name":"wp","href":"https:\/\/api.w.org\/{rel}","templated":true}]}}