{"id":397,"date":"2025-04-07T13:36:39","date_gmt":"2025-04-07T11:36:39","guid":{"rendered":"https:\/\/actionmall.act.at\/shop\/984\/?post_type=product&#038;p=397"},"modified":"2025-04-07T13:36:39","modified_gmt":"2025-04-07T11:36:39","slug":"the-north-face-%c2%b7-quest-isolationsjacke-mit-kapuze","status":"publish","type":"product","link":"https:\/\/actionmall.act.at\/shop\/984\/produkt\/the-north-face-%c2%b7-quest-isolationsjacke-mit-kapuze\/","title":{"rendered":"The North Face \u00b7 Quest Isolationsjacke mit Kapuze"},"content":{"rendered":"<p>Die Quest Jacke feiert ihr Comeback. Der Grund? Sie \u00fcberzeugt immer noch mit ihrem gro\u00dfartigen Preis-Leistungs-Verh\u00e4ltnis und dem zuverl\u00e4ssigen Schutz vor Wind und Regen. Das Au\u00dfenmaterial besteht aus leichtem, zweilagigem DryVent\u2122 mit versiegelten N\u00e4hten und einer wasserabweisenden Beschichtung. Du bleibst also trocken, bist vorm Wind gesch\u00fctzt und es wird dir nie zum Schwitzen hei\u00df &#8211; genau das Richtige f\u00fcr wechselhaftes Wetter beim Wandern. Die Jacke ist mit einer fest angen\u00e4hten, verstellbaren Kapuze, Cinch-Stoppern am Saum und elastischen \u00c4rmelabschl\u00fcssen ausgestattet, die zus\u00e4tzlichen Wetterschutz bieten. Abgerundet wird das Design von zwei Taschen f\u00fcr die H\u00e4nde und einem Kinnschutz aus angerautem Material, der verhindert, dass der Rei\u00dfverschluss an der Haut reibt.<\/p>\n","protected":false},"excerpt":{"rendered":"<p>Die Quest Jacke feiert ihr Comeback. Der Grund? Sie \u00fcberzeugt immer noch mit ihrem gro\u00dfartigen Preis-Leistungs-Verh\u00e4ltnis und dem zuverl\u00e4ssigen Schutz vor Wind und Regen. Das Au\u00dfenmaterial besteht aus leichtem, zweilagigem DryVent\u2122 mit versiegelten N\u00e4hten und einer wasserabweisenden Beschichtung. Du bleibst also trocken, bist vorm Wind gesch\u00fctzt und es wird dir nie zum Schwitzen hei\u00df &#8211; [&hellip;]<\/p>\n","protected":false},"featured_media":398,"template":"","meta":[],"product_cat":[],"product_tag":[],"class_list":{"0":"post-397","1":"product","2":"type-product","3":"status-publish","4":"has-post-thumbnail","7":"first","8":"instock","9":"taxable","10":"shipping-taxable","11":"purchasable","12":"product-type-simple"},"_links":{"self":[{"href":"https:\/\/actionmall.act.at\/shop\/984\/wp-json\/wp\/v2\/product\/397"}],"collection":[{"href":"https:\/\/actionmall.act.at\/shop\/984\/wp-json\/wp\/v2\/product"}],"about":[{"href":"https:\/\/actionmall.act.at\/shop\/984\/wp-json\/wp\/v2\/types\/product"}],"wp:featuredmedia":[{"embeddable":true,"href":"https:\/\/actionmall.act.at\/shop\/984\/wp-json\/wp\/v2\/media\/398"}],"wp:attachment":[{"href":"https:\/\/actionmall.act.at\/shop\/984\/wp-json\/wp\/v2\/media?parent=397"}],"wp:term":[{"taxonomy":"product_cat","embeddable":true,"href":"https:\/\/actionmall.act.at\/shop\/984\/wp-json\/wp\/v2\/product_cat?post=397"},{"taxonomy":"product_tag","embeddable":true,"href":"https:\/\/actionmall.act.at\/shop\/984\/wp-json\/wp\/v2\/product_tag?post=397"}],"curies":[{"name":"wp","href":"https:\/\/api.w.org\/{rel}","templated":true}]}}