{"id":399,"date":"2025-04-07T13:40:49","date_gmt":"2025-04-07T11:40:49","guid":{"rendered":"https:\/\/actionmall.act.at\/shop\/984\/?post_type=product&#038;p=399"},"modified":"2025-04-22T00:06:05","modified_gmt":"2025-04-21T22:06:05","slug":"fila-recreational-scooter","status":"publish","type":"product","link":"https:\/\/actionmall.act.at\/shop\/984\/produkt\/fila-recreational-scooter\/","title":{"rendered":"Fila Recreational Scooter"},"content":{"rendered":"<section class=\"additional-info__section\">\n<div class=\"additional-info__intro-box\">\n<div class=\"additional-info__intro\">Der Fila Recreational Scooter ist der perfekte Begleiter f\u00fcr alle, die gerne schnell und wendig unterwegs sind. Mit seinen gro\u00dfen 180 mm Rollen ist dieser stylische Scooter nicht nur besonders schnell, sondern auch \u00e4u\u00dferst agil und l\u00e4sst sich m\u00fchelos durch die Stra\u00dfen man\u00f6vrieren. Dank der hochwertigen ABEC7 Kugellager gleitet der Fila Scooter sanft und leise \u00fcber den Asphalt und bietet ein einzigartiges Fahrerlebnis. Dabei ist der Scooter f\u00fcr Kinder, Jugendliche &#038; Erwachsene gleicherma\u00dfen geeignet, da er ein Benutzergewicht von bis zu 100 kg tr\u00e4gt. Besonders praktisch ist die zusammenklappbare Konstruktion des Fila Recreational Scooters, die es erm\u00f6glicht, ihn platzsparend zu verstauen oder einfach mitzunehmen. Der integrierte Kotfl\u00fcgel sch\u00fctzt dabei vor Spritzwasser und Schmutz.<\/div>\n<\/div>\n<\/section>\n","protected":false},"excerpt":{"rendered":"<p>Der Fila Recreational Scooter ist der perfekte Begleiter f\u00fcr alle, die gerne schnell und wendig unterwegs sind. Mit seinen gro\u00dfen 180 mm Rollen ist dieser stylische Scooter nicht nur besonders schnell, sondern auch \u00e4u\u00dferst agil und l\u00e4sst sich m\u00fchelos durch die Stra\u00dfen man\u00f6vrieren. Dank der hochwertigen ABEC7 Kugellager gleitet der Fila Scooter sanft und leise [&hellip;]<\/p>\n","protected":false},"featured_media":400,"template":"","meta":[],"product_cat":[],"product_tag":[],"class_list":{"0":"post-399","1":"product","2":"type-product","3":"status-publish","4":"has-post-thumbnail","7":"first","8":"instock","9":"taxable","10":"shipping-taxable","11":"purchasable","12":"product-type-simple"},"_links":{"self":[{"href":"https:\/\/actionmall.act.at\/shop\/984\/wp-json\/wp\/v2\/product\/399"}],"collection":[{"href":"https:\/\/actionmall.act.at\/shop\/984\/wp-json\/wp\/v2\/product"}],"about":[{"href":"https:\/\/actionmall.act.at\/shop\/984\/wp-json\/wp\/v2\/types\/product"}],"wp:featuredmedia":[{"embeddable":true,"href":"https:\/\/actionmall.act.at\/shop\/984\/wp-json\/wp\/v2\/media\/400"}],"wp:attachment":[{"href":"https:\/\/actionmall.act.at\/shop\/984\/wp-json\/wp\/v2\/media?parent=399"}],"wp:term":[{"taxonomy":"product_cat","embeddable":true,"href":"https:\/\/actionmall.act.at\/shop\/984\/wp-json\/wp\/v2\/product_cat?post=399"},{"taxonomy":"product_tag","embeddable":true,"href":"https:\/\/actionmall.act.at\/shop\/984\/wp-json\/wp\/v2\/product_tag?post=399"}],"curies":[{"name":"wp","href":"https:\/\/api.w.org\/{rel}","templated":true}]}}