{"id":428,"date":"2025-10-16T09:17:56","date_gmt":"2025-10-16T07:17:56","guid":{"rendered":"https:\/\/actionmall.act.at\/shop\/984\/?post_type=product&#038;p=428"},"modified":"2025-11-01T06:42:47","modified_gmt":"2025-11-01T05:42:47","slug":"nocta-hot-step-2-total-orange","status":"publish","type":"product","link":"https:\/\/actionmall.act.at\/shop\/984\/produkt\/nocta-hot-step-2-total-orange\/","title":{"rendered":"NOCTA HOT STEP 2 TOTAL ORANGE"},"content":{"rendered":"<p>Der NOCTA Hot Step 2 \u201eTotal Orange\u201c \u00fcberzeugt mit seinem auff\u00e4lligen Design und maximalem Tragekomfort. Die leuchtend orange Farbe macht ihn zum perfekten Sneaker f\u00fcr die Halloween-Season, w\u00e4hrend hochwertige Materialien und eine d\u00e4mpfende Sohle f\u00fcr ein angenehmes Laufgef\u00fchl sorgen. Ob im Alltag, beim Training oder auf der Stra\u00dfe \u2013 dieser Schuh vereint Performance und Style auf h\u00f6chstem Niveau.<\/p>\n","protected":false},"excerpt":{"rendered":"<p>Der NOCTA Hot Step 2 \u201eTotal Orange\u201c \u00fcberzeugt mit seinem auff\u00e4lligen Design und maximalem Tragekomfort. Die leuchtend orange Farbe macht ihn zum perfekten Sneaker f\u00fcr die Halloween-Season, w\u00e4hrend hochwertige Materialien und eine d\u00e4mpfende Sohle f\u00fcr ein angenehmes Laufgef\u00fchl sorgen. Ob im Alltag, beim Training oder auf der Stra\u00dfe \u2013 dieser Schuh vereint Performance und Style [&hellip;]<\/p>\n","protected":false},"featured_media":431,"template":"","meta":[],"product_cat":[],"product_tag":[],"class_list":{"0":"post-428","1":"product","2":"type-product","3":"status-publish","4":"has-post-thumbnail","7":"first","8":"instock","9":"taxable","10":"shipping-taxable","11":"purchasable","12":"product-type-simple"},"_links":{"self":[{"href":"https:\/\/actionmall.act.at\/shop\/984\/wp-json\/wp\/v2\/product\/428"}],"collection":[{"href":"https:\/\/actionmall.act.at\/shop\/984\/wp-json\/wp\/v2\/product"}],"about":[{"href":"https:\/\/actionmall.act.at\/shop\/984\/wp-json\/wp\/v2\/types\/product"}],"wp:featuredmedia":[{"embeddable":true,"href":"https:\/\/actionmall.act.at\/shop\/984\/wp-json\/wp\/v2\/media\/431"}],"wp:attachment":[{"href":"https:\/\/actionmall.act.at\/shop\/984\/wp-json\/wp\/v2\/media?parent=428"}],"wp:term":[{"taxonomy":"product_cat","embeddable":true,"href":"https:\/\/actionmall.act.at\/shop\/984\/wp-json\/wp\/v2\/product_cat?post=428"},{"taxonomy":"product_tag","embeddable":true,"href":"https:\/\/actionmall.act.at\/shop\/984\/wp-json\/wp\/v2\/product_tag?post=428"}],"curies":[{"name":"wp","href":"https:\/\/api.w.org\/{rel}","templated":true}]}}