{"id":432,"date":"2025-10-16T10:24:32","date_gmt":"2025-10-16T08:24:32","guid":{"rendered":"https:\/\/actionmall.act.at\/shop\/984\/?post_type=product&#038;p=432"},"modified":"2025-11-01T06:42:47","modified_gmt":"2025-11-01T05:42:47","slug":"wilson-basketball-nba-authentic-outdoor","status":"publish","type":"product","link":"https:\/\/actionmall.act.at\/shop\/984\/produkt\/wilson-basketball-nba-authentic-outdoor\/","title":{"rendered":"Wilson Basketball &#8222;NBA Authentic Outdoor&#8220;"},"content":{"rendered":"<p>Der <strong data-start=\"188\" data-end=\"220\">Wilson NBA Authentic Outdoor<\/strong> Basketball ist perfekt f\u00fcr alle, die ihr Street- oder Outdoor-Game auf das n\u00e4chste Level bringen wollen. Er \u00fcberzeugt durch <strong data-start=\"345\" data-end=\"366\">robustes Material<\/strong>, <strong data-start=\"368\" data-end=\"392\">optimale Griffigkeit<\/strong> und <strong data-start=\"397\" data-end=\"420\">langlebige Qualit\u00e4t<\/strong>, sodass jeder Wurf pr\u00e4zise und kontrolliert gelingt. Ob auf dem Asphaltplatz oder beim Training im Freien \u2013 dieser Basketball bietet <strong data-start=\"554\" data-end=\"604\">authentisches Spielgef\u00fchl und hohe Performance<\/strong> f\u00fcr Spieler aller Levels.<\/p>\n","protected":false},"excerpt":{"rendered":"<p>Der Wilson NBA Authentic Outdoor Basketball ist perfekt f\u00fcr alle, die ihr Street- oder Outdoor-Game auf das n\u00e4chste Level bringen wollen. Er \u00fcberzeugt durch robustes Material, optimale Griffigkeit und langlebige Qualit\u00e4t, sodass jeder Wurf pr\u00e4zise und kontrolliert gelingt. Ob auf dem Asphaltplatz oder beim Training im Freien \u2013 dieser Basketball bietet authentisches Spielgef\u00fchl und hohe [&hellip;]<\/p>\n","protected":false},"featured_media":433,"template":"","meta":[],"product_cat":[],"product_tag":[],"class_list":{"0":"post-432","1":"product","2":"type-product","3":"status-publish","4":"has-post-thumbnail","7":"first","8":"instock","9":"taxable","10":"shipping-taxable","11":"purchasable","12":"product-type-simple"},"_links":{"self":[{"href":"https:\/\/actionmall.act.at\/shop\/984\/wp-json\/wp\/v2\/product\/432"}],"collection":[{"href":"https:\/\/actionmall.act.at\/shop\/984\/wp-json\/wp\/v2\/product"}],"about":[{"href":"https:\/\/actionmall.act.at\/shop\/984\/wp-json\/wp\/v2\/types\/product"}],"wp:featuredmedia":[{"embeddable":true,"href":"https:\/\/actionmall.act.at\/shop\/984\/wp-json\/wp\/v2\/media\/433"}],"wp:attachment":[{"href":"https:\/\/actionmall.act.at\/shop\/984\/wp-json\/wp\/v2\/media?parent=432"}],"wp:term":[{"taxonomy":"product_cat","embeddable":true,"href":"https:\/\/actionmall.act.at\/shop\/984\/wp-json\/wp\/v2\/product_cat?post=432"},{"taxonomy":"product_tag","embeddable":true,"href":"https:\/\/actionmall.act.at\/shop\/984\/wp-json\/wp\/v2\/product_tag?post=432"}],"curies":[{"name":"wp","href":"https:\/\/api.w.org\/{rel}","templated":true}]}}