{"id":440,"date":"2025-10-23T10:10:32","date_gmt":"2025-10-23T08:10:32","guid":{"rendered":"https:\/\/actionmall.act.at\/shop\/984\/?post_type=product&#038;p=440"},"modified":"2025-12-22T23:20:56","modified_gmt":"2025-12-22T22:20:56","slug":"nike-mens-full-zip-fleece-tracksuit-grey","status":"publish","type":"product","link":"https:\/\/actionmall.act.at\/shop\/984\/produkt\/nike-mens-full-zip-fleece-tracksuit-grey\/","title":{"rendered":"Nike Mens Full Zip Fleece Tracksuit &#8211; Grey"},"content":{"rendered":"<p>Der <strong data-start=\"521\" data-end=\"561\">Nike Men\u2019s Full Zip Fleece Tracksuit<\/strong> bietet W\u00e4rme, Komfort und Bewegungsfreiheit in einem. Das weiche Fleece-Material sorgt daf\u00fcr, dass Sie sich bei Sport und Freizeit rundum wohlf\u00fchlen. Der moderne Schnitt macht den Trainingsanzug zu einem stylischen Begleiter f\u00fcr Alltag und Training.<\/p>\n","protected":false},"excerpt":{"rendered":"<p>Der Nike Men\u2019s Full Zip Fleece Tracksuit bietet W\u00e4rme, Komfort und Bewegungsfreiheit in einem. Das weiche Fleece-Material sorgt daf\u00fcr, dass Sie sich bei Sport und Freizeit rundum wohlf\u00fchlen. Der moderne Schnitt macht den Trainingsanzug zu einem stylischen Begleiter f\u00fcr Alltag und Training.<\/p>\n","protected":false},"featured_media":441,"template":"","meta":[],"product_cat":[],"product_tag":[],"class_list":{"0":"post-440","1":"product","2":"type-product","3":"status-publish","4":"has-post-thumbnail","7":"first","8":"instock","9":"taxable","10":"shipping-taxable","11":"purchasable","12":"product-type-simple"},"_links":{"self":[{"href":"https:\/\/actionmall.act.at\/shop\/984\/wp-json\/wp\/v2\/product\/440"}],"collection":[{"href":"https:\/\/actionmall.act.at\/shop\/984\/wp-json\/wp\/v2\/product"}],"about":[{"href":"https:\/\/actionmall.act.at\/shop\/984\/wp-json\/wp\/v2\/types\/product"}],"wp:featuredmedia":[{"embeddable":true,"href":"https:\/\/actionmall.act.at\/shop\/984\/wp-json\/wp\/v2\/media\/441"}],"wp:attachment":[{"href":"https:\/\/actionmall.act.at\/shop\/984\/wp-json\/wp\/v2\/media?parent=440"}],"wp:term":[{"taxonomy":"product_cat","embeddable":true,"href":"https:\/\/actionmall.act.at\/shop\/984\/wp-json\/wp\/v2\/product_cat?post=440"},{"taxonomy":"product_tag","embeddable":true,"href":"https:\/\/actionmall.act.at\/shop\/984\/wp-json\/wp\/v2\/product_tag?post=440"}],"curies":[{"name":"wp","href":"https:\/\/api.w.org\/{rel}","templated":true}]}}