{"id":442,"date":"2025-10-23T10:12:27","date_gmt":"2025-10-23T08:12:27","guid":{"rendered":"https:\/\/actionmall.act.at\/shop\/984\/?post_type=product&#038;p=442"},"modified":"2025-12-22T23:20:56","modified_gmt":"2025-12-22T22:20:56","slug":"nike-vaporfly-4-strassenlaufschuh-fuer-herren","status":"publish","type":"product","link":"https:\/\/actionmall.act.at\/shop\/984\/produkt\/nike-vaporfly-4-strassenlaufschuh-fuer-herren\/","title":{"rendered":"Nike Vaporfly 4 (Stra\u00dfenlaufschuh f\u00fcr Herren)"},"content":{"rendered":"<p>Die <strong data-start=\"853\" data-end=\"872\">Nike Vaporfly 4<\/strong> sind High-Performance-Laufschuhe, die maximale Geschwindigkeit und D\u00e4mpfung vereinen. Leicht, reaktionsfreudig und ergonomisch gestaltet, bieten sie optimalen Komfort bei jedem Schritt \u2013 ideal f\u00fcr ambitionierte L\u00e4ufer und Sportbegeisterte, die auf Leistung und Design gleicherma\u00dfen Wert legen.<\/p>\n","protected":false},"excerpt":{"rendered":"<p>Die Nike Vaporfly 4 sind High-Performance-Laufschuhe, die maximale Geschwindigkeit und D\u00e4mpfung vereinen. Leicht, reaktionsfreudig und ergonomisch gestaltet, bieten sie optimalen Komfort bei jedem Schritt \u2013 ideal f\u00fcr ambitionierte L\u00e4ufer und Sportbegeisterte, die auf Leistung und Design gleicherma\u00dfen Wert legen.<\/p>\n","protected":false},"featured_media":443,"template":"","meta":[],"product_cat":[],"product_tag":[],"class_list":{"0":"post-442","1":"product","2":"type-product","3":"status-publish","4":"has-post-thumbnail","7":"first","8":"instock","9":"taxable","10":"shipping-taxable","11":"purchasable","12":"product-type-simple"},"_links":{"self":[{"href":"https:\/\/actionmall.act.at\/shop\/984\/wp-json\/wp\/v2\/product\/442"}],"collection":[{"href":"https:\/\/actionmall.act.at\/shop\/984\/wp-json\/wp\/v2\/product"}],"about":[{"href":"https:\/\/actionmall.act.at\/shop\/984\/wp-json\/wp\/v2\/types\/product"}],"wp:featuredmedia":[{"embeddable":true,"href":"https:\/\/actionmall.act.at\/shop\/984\/wp-json\/wp\/v2\/media\/443"}],"wp:attachment":[{"href":"https:\/\/actionmall.act.at\/shop\/984\/wp-json\/wp\/v2\/media?parent=442"}],"wp:term":[{"taxonomy":"product_cat","embeddable":true,"href":"https:\/\/actionmall.act.at\/shop\/984\/wp-json\/wp\/v2\/product_cat?post=442"},{"taxonomy":"product_tag","embeddable":true,"href":"https:\/\/actionmall.act.at\/shop\/984\/wp-json\/wp\/v2\/product_tag?post=442"}],"curies":[{"name":"wp","href":"https:\/\/api.w.org\/{rel}","templated":true}]}}