{"id":449,"date":"2025-11-13T09:11:59","date_gmt":"2025-11-13T08:11:59","guid":{"rendered":"https:\/\/actionmall.act.at\/shop\/984\/?post_type=product&#038;p=449"},"modified":"2026-01-02T00:28:03","modified_gmt":"2026-01-01T23:28:03","slug":"ccm-jetspeed-ft8-pro-eishocky-schlittschuh","status":"publish","type":"product","link":"https:\/\/actionmall.act.at\/shop\/984\/produkt\/ccm-jetspeed-ft8-pro-eishocky-schlittschuh\/","title":{"rendered":"CCM Jetspeed FT8 Pro Eishocky Schlittschuh"},"content":{"rendered":"<p>Unsere Eislaufschuhe <strong>\u201eCCM Jetspeed FT8 Pro Eishocky Schlittschuh\u201c<\/strong> bieten perfekten Halt, Komfort und Stabilit\u00e4t f\u00fcr Freizeit- und Hobbyeisl\u00e4ufer:innen. Die hochwertigen Kufen erm\u00f6glichen ein sanftes Gleiten auf dem Eis, w\u00e4hrend die bequeme Passform f\u00fcr stundenlangen Tragekomfort sorgt. Ob Anf\u00e4nger oder Fortgeschrittene \u2013 mit diesen Schuhen wird jede Runde auf der Eisbahn zum Vergn\u00fcgen.<\/p>\n","protected":false},"excerpt":{"rendered":"<p>Unsere Eislaufschuhe \u201eCCM Jetspeed FT8 Pro Eishocky Schlittschuh\u201c bieten perfekten Halt, Komfort und Stabilit\u00e4t f\u00fcr Freizeit- und Hobbyeisl\u00e4ufer:innen. Die hochwertigen Kufen erm\u00f6glichen ein sanftes Gleiten auf dem Eis, w\u00e4hrend die bequeme Passform f\u00fcr stundenlangen Tragekomfort sorgt. Ob Anf\u00e4nger oder Fortgeschrittene \u2013 mit diesen Schuhen wird jede Runde auf der Eisbahn zum Vergn\u00fcgen.<\/p>\n","protected":false},"featured_media":450,"template":"","meta":[],"product_cat":[],"product_tag":[],"class_list":{"0":"post-449","1":"product","2":"type-product","3":"status-publish","4":"has-post-thumbnail","7":"first","8":"instock","9":"taxable","10":"shipping-taxable","11":"purchasable","12":"product-type-simple"},"_links":{"self":[{"href":"https:\/\/actionmall.act.at\/shop\/984\/wp-json\/wp\/v2\/product\/449"}],"collection":[{"href":"https:\/\/actionmall.act.at\/shop\/984\/wp-json\/wp\/v2\/product"}],"about":[{"href":"https:\/\/actionmall.act.at\/shop\/984\/wp-json\/wp\/v2\/types\/product"}],"wp:featuredmedia":[{"embeddable":true,"href":"https:\/\/actionmall.act.at\/shop\/984\/wp-json\/wp\/v2\/media\/450"}],"wp:attachment":[{"href":"https:\/\/actionmall.act.at\/shop\/984\/wp-json\/wp\/v2\/media?parent=449"}],"wp:term":[{"taxonomy":"product_cat","embeddable":true,"href":"https:\/\/actionmall.act.at\/shop\/984\/wp-json\/wp\/v2\/product_cat?post=449"},{"taxonomy":"product_tag","embeddable":true,"href":"https:\/\/actionmall.act.at\/shop\/984\/wp-json\/wp\/v2\/product_tag?post=449"}],"curies":[{"name":"wp","href":"https:\/\/api.w.org\/{rel}","templated":true}]}}