{"id":457,"date":"2025-11-27T09:24:44","date_gmt":"2025-11-27T08:24:44","guid":{"rendered":"https:\/\/actionmall.act.at\/shop\/984\/?post_type=product&#038;p=457"},"modified":"2026-01-02T00:28:03","modified_gmt":"2026-01-01T23:28:03","slug":"wasserdichter-radford-boot-fuer-herren-schwarz-timberland","status":"publish","type":"product","link":"https:\/\/actionmall.act.at\/shop\/984\/produkt\/wasserdichter-radford-boot-fuer-herren-schwarz-timberland\/","title":{"rendered":"Wasserdichter Radford Boot f\u00fcr Herren \u2013 Schwarz (Timberland)"},"content":{"rendered":"<p>Der wasserdichte Radford Boot von Timberland kombiniert langlebige Materialien, erstklassige Verarbeitung und hohen Tragekomfort. Dank wasserfester Verarbeitung, stabiler Gummisohle und gepolstertem Schaft bietet er optimalen Halt und Schutz bei jedem Winterwetter. Ob Alltag, Arbeit oder Spaziergang im Schnee \u2013 dieser Schuh ist ein zuverl\u00e4ssiger Begleiter f\u00fcr stilbewusste M\u00e4nner, die Wert auf Funktionalit\u00e4t und Design legen.<\/p>\n","protected":false},"excerpt":{"rendered":"<p>Robuster, wasserdichter Winterboot mit starker Bodenhaftung und modernem Timberland-Look.<\/p>\n","protected":false},"featured_media":458,"template":"","meta":[],"product_cat":[],"product_tag":[],"class_list":{"0":"post-457","1":"product","2":"type-product","3":"status-publish","4":"has-post-thumbnail","7":"first","8":"instock","9":"taxable","10":"shipping-taxable","11":"purchasable","12":"product-type-simple"},"_links":{"self":[{"href":"https:\/\/actionmall.act.at\/shop\/984\/wp-json\/wp\/v2\/product\/457"}],"collection":[{"href":"https:\/\/actionmall.act.at\/shop\/984\/wp-json\/wp\/v2\/product"}],"about":[{"href":"https:\/\/actionmall.act.at\/shop\/984\/wp-json\/wp\/v2\/types\/product"}],"wp:featuredmedia":[{"embeddable":true,"href":"https:\/\/actionmall.act.at\/shop\/984\/wp-json\/wp\/v2\/media\/458"}],"wp:attachment":[{"href":"https:\/\/actionmall.act.at\/shop\/984\/wp-json\/wp\/v2\/media?parent=457"}],"wp:term":[{"taxonomy":"product_cat","embeddable":true,"href":"https:\/\/actionmall.act.at\/shop\/984\/wp-json\/wp\/v2\/product_cat?post=457"},{"taxonomy":"product_tag","embeddable":true,"href":"https:\/\/actionmall.act.at\/shop\/984\/wp-json\/wp\/v2\/product_tag?post=457"}],"curies":[{"name":"wp","href":"https:\/\/api.w.org\/{rel}","templated":true}]}}