{"id":476,"date":"2025-12-18T09:10:44","date_gmt":"2025-12-18T08:10:44","guid":{"rendered":"https:\/\/actionmall.act.at\/shop\/984\/?post_type=product&#038;p=476"},"modified":"2026-02-14T23:01:18","modified_gmt":"2026-02-14T22:01:18","slug":"taurus-selectabell-pro-verstellbare-hantel-45-bis-35-kg","status":"publish","type":"product","link":"https:\/\/actionmall.act.at\/shop\/984\/produkt\/taurus-selectabell-pro-verstellbare-hantel-45-bis-35-kg\/","title":{"rendered":"Taurus Selectabell Pro verstellbare Hantel 4,5 bis 35 kg"},"content":{"rendered":"<p>Dieses gro\u00dfe Hantelset eignet sich ideal f\u00fcr intensives Krafttraining im Home-Gym. Es besteht aus robusten Gewichten und stabilen Hantelstangen, die ein sicheres und vielseitiges Training erm\u00f6glichen. Durch die hohe Gesamtbelastung ist das Set sowohl f\u00fcr Anf\u00e4nger als auch f\u00fcr Fortgeschrittene geeignet und bietet zahlreiche Trainingsm\u00f6glichkeiten f\u00fcr den gesamten K\u00f6rper.<\/p>\n","protected":false},"excerpt":{"rendered":"<p>Hochwertiges, umfangreiches Hantelset f\u00fcr effektives Krafttraining zu Hause.<\/p>\n","protected":false},"featured_media":479,"template":"","meta":[],"product_cat":[],"product_tag":[],"class_list":{"0":"post-476","1":"product","2":"type-product","3":"status-publish","4":"has-post-thumbnail","7":"first","8":"instock","9":"taxable","10":"shipping-taxable","11":"purchasable","12":"product-type-simple"},"_links":{"self":[{"href":"https:\/\/actionmall.act.at\/shop\/984\/wp-json\/wp\/v2\/product\/476"}],"collection":[{"href":"https:\/\/actionmall.act.at\/shop\/984\/wp-json\/wp\/v2\/product"}],"about":[{"href":"https:\/\/actionmall.act.at\/shop\/984\/wp-json\/wp\/v2\/types\/product"}],"wp:featuredmedia":[{"embeddable":true,"href":"https:\/\/actionmall.act.at\/shop\/984\/wp-json\/wp\/v2\/media\/479"}],"wp:attachment":[{"href":"https:\/\/actionmall.act.at\/shop\/984\/wp-json\/wp\/v2\/media?parent=476"}],"wp:term":[{"taxonomy":"product_cat","embeddable":true,"href":"https:\/\/actionmall.act.at\/shop\/984\/wp-json\/wp\/v2\/product_cat?post=476"},{"taxonomy":"product_tag","embeddable":true,"href":"https:\/\/actionmall.act.at\/shop\/984\/wp-json\/wp\/v2\/product_tag?post=476"}],"curies":[{"name":"wp","href":"https:\/\/api.w.org\/{rel}","templated":true}]}}