{"id":489,"date":"2026-01-08T09:08:56","date_gmt":"2026-01-08T08:08:56","guid":{"rendered":"https:\/\/actionmall.act.at\/shop\/984\/?post_type=product&#038;p=489"},"modified":"2026-02-16T23:11:57","modified_gmt":"2026-02-16T22:11:57","slug":"adidas-boxhandschuhe-speed-tilt-350v-12-oz","status":"publish","type":"product","link":"https:\/\/actionmall.act.at\/shop\/984\/produkt\/adidas-boxhandschuhe-speed-tilt-350v-12-oz\/","title":{"rendered":"Adidas Boxhandschuhe &#8222;Speed Tilt 350V&#8220; (12 oz.)"},"content":{"rendered":"<p>Die <strong>Adidas Boxhandschuhe &#8222;Speed Tilt 350V&#8220; (12 oz.)<\/strong> sind ideal f\u00fcr Anf\u00e4nger und Fortgeschrittene geeignet und bieten durch ihre mehrlagige Polsterung optimalen Schutz f\u00fcr H\u00e4nde und Handgelenke. Der stabile Klettverschluss sorgt f\u00fcr sicheren Halt, w\u00e4hrend das atmungsaktive Innenmaterial den Tragekomfort auch bei l\u00e4ngeren Trainingseinheiten gew\u00e4hrleistet. Die Handschuhe eignen sich perfekt f\u00fcr Sandsack-, Technik- und Fitnesstraining.<\/p>\n","protected":false},"excerpt":{"rendered":"<p>Hochwertige Boxhandschuhe mit starker Polsterung f\u00fcr sicheres und effektives Training.<\/p>\n","protected":false},"featured_media":490,"template":"","meta":[],"product_cat":[],"product_tag":[],"class_list":{"0":"post-489","1":"product","2":"type-product","3":"status-publish","4":"has-post-thumbnail","7":"first","8":"instock","9":"taxable","10":"shipping-taxable","11":"purchasable","12":"product-type-simple"},"_links":{"self":[{"href":"https:\/\/actionmall.act.at\/shop\/984\/wp-json\/wp\/v2\/product\/489"}],"collection":[{"href":"https:\/\/actionmall.act.at\/shop\/984\/wp-json\/wp\/v2\/product"}],"about":[{"href":"https:\/\/actionmall.act.at\/shop\/984\/wp-json\/wp\/v2\/types\/product"}],"wp:featuredmedia":[{"embeddable":true,"href":"https:\/\/actionmall.act.at\/shop\/984\/wp-json\/wp\/v2\/media\/490"}],"wp:attachment":[{"href":"https:\/\/actionmall.act.at\/shop\/984\/wp-json\/wp\/v2\/media?parent=489"}],"wp:term":[{"taxonomy":"product_cat","embeddable":true,"href":"https:\/\/actionmall.act.at\/shop\/984\/wp-json\/wp\/v2\/product_cat?post=489"},{"taxonomy":"product_tag","embeddable":true,"href":"https:\/\/actionmall.act.at\/shop\/984\/wp-json\/wp\/v2\/product_tag?post=489"}],"curies":[{"name":"wp","href":"https:\/\/api.w.org\/{rel}","templated":true}]}}