{"id":499,"date":"2026-01-15T10:17:14","date_gmt":"2026-01-15T09:17:14","guid":{"rendered":"https:\/\/actionmall.act.at\/shop\/984\/?post_type=product&#038;p=499"},"modified":"2026-02-16T23:11:57","modified_gmt":"2026-02-16T22:11:57","slug":"adidas-%c2%b7-own-the-run-b-langarm-laufshirt","status":"publish","type":"product","link":"https:\/\/actionmall.act.at\/shop\/984\/produkt\/adidas-%c2%b7-own-the-run-b-langarm-laufshirt\/","title":{"rendered":"Adidas \u00b7 Own The Run B langarm Laufshirt"},"content":{"rendered":"<p>Das Adidas Own The Run B Langarm-Laufshirt \u00fcberzeugt durch sein leichtes, atmungsaktives Material und sorgt auch bei niedrigen Temperaturen f\u00fcr ein angenehmes K\u00f6rperklima. Dank der sportlichen Passform bietet es optimale Bewegungsfreiheit und hohen Tragekomfort, wodurch es sich ideal f\u00fcr Lauftraining, Outdoor-Sport und aktive Freizeit eignet.<\/p>\n","protected":false},"excerpt":{"rendered":"<p>Funktionales Langarm-Laufshirt f\u00fcr Herren, ideal f\u00fcr Training und L\u00e4ufe bei k\u00fchlen Temperaturen.<\/p>\n","protected":false},"featured_media":500,"template":"","meta":[],"product_cat":[],"product_tag":[],"class_list":{"0":"post-499","1":"product","2":"type-product","3":"status-publish","4":"has-post-thumbnail","7":"first","8":"instock","9":"taxable","10":"shipping-taxable","11":"purchasable","12":"product-type-simple"},"_links":{"self":[{"href":"https:\/\/actionmall.act.at\/shop\/984\/wp-json\/wp\/v2\/product\/499"}],"collection":[{"href":"https:\/\/actionmall.act.at\/shop\/984\/wp-json\/wp\/v2\/product"}],"about":[{"href":"https:\/\/actionmall.act.at\/shop\/984\/wp-json\/wp\/v2\/types\/product"}],"wp:featuredmedia":[{"embeddable":true,"href":"https:\/\/actionmall.act.at\/shop\/984\/wp-json\/wp\/v2\/media\/500"}],"wp:attachment":[{"href":"https:\/\/actionmall.act.at\/shop\/984\/wp-json\/wp\/v2\/media?parent=499"}],"wp:term":[{"taxonomy":"product_cat","embeddable":true,"href":"https:\/\/actionmall.act.at\/shop\/984\/wp-json\/wp\/v2\/product_cat?post=499"},{"taxonomy":"product_tag","embeddable":true,"href":"https:\/\/actionmall.act.at\/shop\/984\/wp-json\/wp\/v2\/product_tag?post=499"}],"curies":[{"name":"wp","href":"https:\/\/api.w.org\/{rel}","templated":true}]}}