{"id":555,"date":"2026-02-05T08:44:36","date_gmt":"2026-02-05T07:44:36","guid":{"rendered":"https:\/\/actionmall.act.at\/shop\/984\/?post_type=product&#038;p=555"},"modified":"2026-02-05T08:44:36","modified_gmt":"2026-02-05T07:44:36","slug":"medizinball-solid-grip","status":"publish","type":"product","link":"https:\/\/actionmall.act.at\/shop\/984\/produkt\/medizinball-solid-grip\/","title":{"rendered":"Medizinball &#8222;Solid-Grip&#8220;"},"content":{"rendered":"<p><span data-teams=\"true\">Der &#8222;<strong>Solid-Grip<\/strong>&#8220; Medizinball ist ein vielseitiges Trainingsger\u00e4t, das speziell f\u00fcr Wurf\u00fcbungen, Rumpftraining und plyometrische \u00dcbungen entwickelt wurde. Die texturierte Oberfl\u00e4che sorgt f\u00fcr maximalen Halt, selbst wenn die H\u00e4nde w\u00e4hrend eines intensiven Workouts feucht werden. Da er aus einer speziellen Gummimischung besteht, ist er extrem strapazierf\u00e4hig und springt leicht vom Boden ab, was ihn ideal f\u00fcr Partner\u00fcbungen oder das Training gegen eine Wand macht.<\/span><\/p>\n","protected":false},"excerpt":{"rendered":"<p><span data-teams=\"true\">Robuster Medizinball aus griffigem Gummi f\u00fcr funktionelles Ganzk\u00f6rpertraining.<\/span><\/p>\n","protected":false},"featured_media":557,"template":"","meta":[],"product_cat":[],"product_tag":[],"class_list":{"0":"post-555","1":"product","2":"type-product","3":"status-publish","4":"has-post-thumbnail","7":"first","8":"instock","9":"sale","10":"taxable","11":"shipping-taxable","12":"purchasable","13":"product-type-simple"},"_links":{"self":[{"href":"https:\/\/actionmall.act.at\/shop\/984\/wp-json\/wp\/v2\/product\/555"}],"collection":[{"href":"https:\/\/actionmall.act.at\/shop\/984\/wp-json\/wp\/v2\/product"}],"about":[{"href":"https:\/\/actionmall.act.at\/shop\/984\/wp-json\/wp\/v2\/types\/product"}],"wp:featuredmedia":[{"embeddable":true,"href":"https:\/\/actionmall.act.at\/shop\/984\/wp-json\/wp\/v2\/media\/557"}],"wp:attachment":[{"href":"https:\/\/actionmall.act.at\/shop\/984\/wp-json\/wp\/v2\/media?parent=555"}],"wp:term":[{"taxonomy":"product_cat","embeddable":true,"href":"https:\/\/actionmall.act.at\/shop\/984\/wp-json\/wp\/v2\/product_cat?post=555"},{"taxonomy":"product_tag","embeddable":true,"href":"https:\/\/actionmall.act.at\/shop\/984\/wp-json\/wp\/v2\/product_tag?post=555"}],"curies":[{"name":"wp","href":"https:\/\/api.w.org\/{rel}","templated":true}]}}