{"id":626,"date":"2026-03-10T10:47:59","date_gmt":"2026-03-10T09:47:59","guid":{"rendered":"https:\/\/actionmall.act.at\/shop\/984\/?post_type=product&#038;p=626"},"modified":"2026-03-10T10:47:59","modified_gmt":"2026-03-10T09:47:59","slug":"running-trinkweste","status":"publish","type":"product","link":"https:\/\/actionmall.act.at\/shop\/984\/produkt\/running-trinkweste\/","title":{"rendered":"Running Trinkweste"},"content":{"rendered":"<p>Die Trail Running Hydration Vest ist ideal f\u00fcr lange Trainingsl\u00e4ufe oder Trailrunning. Die Weste liegt eng am K\u00f6rper an und verhindert ein Verrutschen w\u00e4hrend des Laufens.<br data-start=\"2480\" data-end=\"2483\" \/>Mehrere Taschen bieten Platz f\u00fcr Trinkflaschen, Energieriegel und kleine Ausr\u00fcstung. Moderne Running-Westen sind besonders leicht und erm\u00f6glichen es Sportlern, Wasser und Ausr\u00fcstung bequem zu transportieren.<\/p>\n","protected":false},"excerpt":{"rendered":"<p>Leichte Trinkweste f\u00fcr lange L\u00e4ufe mit mehreren Taschen f\u00fcr Wasser, Snacks und Ausr\u00fcstung.<\/p>\n","protected":false},"featured_media":620,"template":"","meta":[],"product_cat":[],"product_tag":[],"class_list":{"0":"post-626","1":"product","2":"type-product","3":"status-publish","4":"has-post-thumbnail","7":"first","8":"instock","9":"sale","10":"taxable","11":"shipping-taxable","12":"purchasable","13":"product-type-simple"},"_links":{"self":[{"href":"https:\/\/actionmall.act.at\/shop\/984\/wp-json\/wp\/v2\/product\/626"}],"collection":[{"href":"https:\/\/actionmall.act.at\/shop\/984\/wp-json\/wp\/v2\/product"}],"about":[{"href":"https:\/\/actionmall.act.at\/shop\/984\/wp-json\/wp\/v2\/types\/product"}],"wp:featuredmedia":[{"embeddable":true,"href":"https:\/\/actionmall.act.at\/shop\/984\/wp-json\/wp\/v2\/media\/620"}],"wp:attachment":[{"href":"https:\/\/actionmall.act.at\/shop\/984\/wp-json\/wp\/v2\/media?parent=626"}],"wp:term":[{"taxonomy":"product_cat","embeddable":true,"href":"https:\/\/actionmall.act.at\/shop\/984\/wp-json\/wp\/v2\/product_cat?post=626"},{"taxonomy":"product_tag","embeddable":true,"href":"https:\/\/actionmall.act.at\/shop\/984\/wp-json\/wp\/v2\/product_tag?post=626"}],"curies":[{"name":"wp","href":"https:\/\/api.w.org\/{rel}","templated":true}]}}