{"id":643,"date":"2026-03-24T10:38:07","date_gmt":"2026-03-24T09:38:07","guid":{"rendered":"https:\/\/actionmall.act.at\/shop\/984\/?post_type=product&#038;p=643"},"modified":"2026-03-24T10:38:07","modified_gmt":"2026-03-24T09:38:07","slug":"kinder-fussball","status":"publish","type":"product","link":"https:\/\/actionmall.act.at\/shop\/984\/produkt\/kinder-fussball\/","title":{"rendered":"Kinder Fu\u00dfball"},"content":{"rendered":"<p>Leichter Kinder Fu\u00dfball Gr\u00f6\u00dfe 4\u20135 f\u00fcr Freizeit, Schulhof und Outdoor-Osterspiele, ideal f\u00fcr Training und Spa\u00df im Fr\u00fchling<\/p>\n","protected":false},"excerpt":{"rendered":"<p>Kinder Fu\u00dfball<\/p>\n","protected":false},"featured_media":641,"template":"","meta":[],"product_cat":[45],"product_tag":[],"class_list":{"0":"post-643","1":"product","2":"type-product","3":"status-publish","4":"has-post-thumbnail","6":"product_cat-sport-veranstaltungen-hobbies","8":"first","9":"instock","10":"sale","11":"taxable","12":"shipping-taxable","13":"purchasable","14":"product-type-simple"},"_links":{"self":[{"href":"https:\/\/actionmall.act.at\/shop\/984\/wp-json\/wp\/v2\/product\/643"}],"collection":[{"href":"https:\/\/actionmall.act.at\/shop\/984\/wp-json\/wp\/v2\/product"}],"about":[{"href":"https:\/\/actionmall.act.at\/shop\/984\/wp-json\/wp\/v2\/types\/product"}],"wp:featuredmedia":[{"embeddable":true,"href":"https:\/\/actionmall.act.at\/shop\/984\/wp-json\/wp\/v2\/media\/641"}],"wp:attachment":[{"href":"https:\/\/actionmall.act.at\/shop\/984\/wp-json\/wp\/v2\/media?parent=643"}],"wp:term":[{"taxonomy":"product_cat","embeddable":true,"href":"https:\/\/actionmall.act.at\/shop\/984\/wp-json\/wp\/v2\/product_cat?post=643"},{"taxonomy":"product_tag","embeddable":true,"href":"https:\/\/actionmall.act.at\/shop\/984\/wp-json\/wp\/v2\/product_tag?post=643"}],"curies":[{"name":"wp","href":"https:\/\/api.w.org\/{rel}","templated":true}]}}