{"id":664,"date":"2026-04-14T10:52:41","date_gmt":"2026-04-14T08:52:41","guid":{"rendered":"https:\/\/actionmall.act.at\/shop\/984\/?post_type=product&#038;p=664"},"modified":"2026-04-14T10:52:41","modified_gmt":"2026-04-14T08:52:41","slug":"mundschutz-venum","status":"publish","type":"product","link":"https:\/\/actionmall.act.at\/shop\/984\/produkt\/mundschutz-venum\/","title":{"rendered":"Mundschutz Venum"},"content":{"rendered":"<ul>\n<li data-section-id=\"ekscsv\" data-start=\"190\" data-end=\"234\"><strong data-start=\"192\" data-end=\"209\">Nettogewicht:<\/strong> ca. <strong data-start=\"214\" data-end=\"225\">0,05 kg<\/strong> (50 g)<\/li>\n<li data-section-id=\"1n1cy86\" data-start=\"235\" data-end=\"299\"><strong data-start=\"237\" data-end=\"255\">Bruttogewicht:<\/strong> ca. <strong data-start=\"260\" data-end=\"278\">0,10 \u2013 0,15 kg<\/strong> (inkl. Verpackung)<\/li>\n<li data-section-id=\"vjucnu\" data-start=\"300\" data-end=\"353\"><strong data-start=\"302\" data-end=\"315\">Material:<\/strong> hochwertiger, BPA-freier Kunststoff<\/li>\n<li data-section-id=\"99xdg8\" data-start=\"354\" data-end=\"413\"><strong data-start=\"356\" data-end=\"367\">Schutz:<\/strong> effektive Sto\u00dfd\u00e4mpfung f\u00fcr Z\u00e4hne und Kiefer<\/li>\n<li data-section-id=\"2kpnfr\" data-start=\"414\" data-end=\"496\"><strong data-start=\"416\" data-end=\"429\">Passform:<\/strong> individuell anpassbar durch Thermoform-Technologie (Boil &#038; Bite)<\/li>\n<li data-section-id=\"1twkf3a\" data-start=\"497\" data-end=\"553\"><strong data-start=\"499\" data-end=\"510\">Atmung:<\/strong> optimierte Luftkan\u00e4le f\u00fcr leichtes Atmen<\/li>\n<\/ul>\n","protected":false},"excerpt":{"rendered":"<p>Mundschutz f\u00fcr Kampfsportler<\/p>\n","protected":false},"featured_media":669,"template":"","meta":[],"product_cat":[45],"product_tag":[],"class_list":{"0":"post-664","1":"product","2":"type-product","3":"status-publish","4":"has-post-thumbnail","6":"product_cat-sport-veranstaltungen-hobbies","8":"first","9":"instock","10":"taxable","11":"shipping-taxable","12":"product-type-simple"},"_links":{"self":[{"href":"https:\/\/actionmall.act.at\/shop\/984\/wp-json\/wp\/v2\/product\/664"}],"collection":[{"href":"https:\/\/actionmall.act.at\/shop\/984\/wp-json\/wp\/v2\/product"}],"about":[{"href":"https:\/\/actionmall.act.at\/shop\/984\/wp-json\/wp\/v2\/types\/product"}],"wp:featuredmedia":[{"embeddable":true,"href":"https:\/\/actionmall.act.at\/shop\/984\/wp-json\/wp\/v2\/media\/669"}],"wp:attachment":[{"href":"https:\/\/actionmall.act.at\/shop\/984\/wp-json\/wp\/v2\/media?parent=664"}],"wp:term":[{"taxonomy":"product_cat","embeddable":true,"href":"https:\/\/actionmall.act.at\/shop\/984\/wp-json\/wp\/v2\/product_cat?post=664"},{"taxonomy":"product_tag","embeddable":true,"href":"https:\/\/actionmall.act.at\/shop\/984\/wp-json\/wp\/v2\/product_tag?post=664"}],"curies":[{"name":"wp","href":"https:\/\/api.w.org\/{rel}","templated":true}]}}